{"id":2628,"date":"2024-10-16T09:28:16","date_gmt":"2024-10-16T09:28:16","guid":{"rendered":"https:\/\/besteticselection.com\/particulares\/?post_type=product&#038;p=2628"},"modified":"2024-11-29T18:21:33","modified_gmt":"2024-11-29T18:21:33","slug":"00703-15-ml-hairplus-tolure-fluido-potenciador-cejas-y-pestana","status":"publish","type":"product","link":"https:\/\/besteticselection.com\/particulares\/producto\/00703-15-ml-hairplus-tolure-fluido-potenciador-cejas-y-pestana\/","title":{"rendered":"00703 1,5 ML HAIRPLUS TOLURE FLUIDO POTENCIADOR CEJAS Y PESTA\u00d1A"},"content":{"rendered":"<p class=\"p1\">TOLURE HAIRPLUS \u00ae 1,5ML &#8211; SERUM PARA PESTA\u00d1AS Y CEJAS<\/p>\n<p class=\"p1\">Serum 2 en 1 para pesta\u00f1as y cejas<\/p>\n<p class=\"p1\">Probado para mejorar el crecimiento natural<br \/>\n1x aplicaci\u00f3n diaria que asegura pesta\u00f1as largas y fuertes y cejas gruesas<br \/>\nResultados visibles ya despu\u00e9s de 3 semanas<br \/>\nEfecto cuidado con extractos de flores y frutas.<\/p>\n<p class=\"p1\">\u00bfPor qu\u00e9 utilizar HAIRPLUS\u00ae?<br \/>\nSi no est\u00e1 satisfecho con la longitud y densidad de sus pesta\u00f1as o tiene problemas de calvicie en las cejas, \u00a1HAIRPLUS\u00ae es la mejor opci\u00f3n para usted! HAIRPLUS\u00ae es un innovador s\u00e9rum 2 en 1 que, con el uso diario, ayudar\u00e1 a que tus pesta\u00f1as y cejas luzcan m\u00e1s atractivas a largo plazo. Garantiza la m\u00e1xima longitud, densidad y grosor naturales para una apariencia perfecta y natural.<\/p>\n<p class=\"p1\">\u00bfC\u00f3mo act\u00faa HAIRPLUS\u00ae?<br \/>\nCon su composici\u00f3n especial HAIRPLUS\u00ae estimula la funci\u00f3n de los fol\u00edculos pilosos y apoya su potencial de crecimiento natural. Los biop\u00e9ptidos contenidos fortalecen la estructura del cabello y as\u00ed alargan el crecimiento de tus pesta\u00f1as y cejas. La piel alrededor de los ojos recibe nutrici\u00f3n adicional con las vitaminas A, C y E y tambi\u00e9n est\u00e1 protegida de las influencias externas nocivas. Adem\u00e1s, el extracto de ginseng del producto intensifica la circulaci\u00f3n sangu\u00ednea de la piel tratada y los fol\u00edculos pilosos. Esto aumenta el suministro de nutrientes y maximiza el crecimiento del cabello. Otros ingredientes esenciales son el pantenol y los extractos de flores y frutas. Tienen un efecto vigorizante sobre los fol\u00edculos y estimulan las \u00abra\u00edces del cabello latentes\u00bb. Tambi\u00e9n calmar\u00e1n la piel irritada y har\u00e1n que las pesta\u00f1as o las cejas sean maravillosamente flexibles.<\/p>\n<p class=\"p1\">\u00bfC\u00f3mo aplico HAIRPLUS\u00ae?<br \/>\nSeguro y f\u00e1cil de usar: aplique una vez al d\u00eda como un delineador de ojos con el pincel integrado. 1,5 ml de Tolure HAIRPLUS\u00ae son suficientes para un per\u00edodo de 3 meses cuando se usa a diario. Recomendamos: \u00a1Menos es m\u00e1s! Basta con una fina pincelada en la base superior de las pesta\u00f1as.<\/p>\n","protected":false},"excerpt":{"rendered":"<p class=\"p1\">TOLURE HAIRPLUS \u00ae 1,5ML &#8211; SERUM PARA PESTA\u00d1AS Y CEJAS<\/p>\n<p class=\"p1\">Serum 2 en 1 para pesta\u00f1as y cejas<\/p>\n<p class=\"p1\">Probado para mejorar el crecimiento natural<br \/>\n1x aplicaci\u00f3n diaria que asegura pesta\u00f1as largas y fuertes y cejas gruesas<br \/>\nResultados visibles ya despu\u00e9s de 3 semanas<br \/>\nEfecto cuidado con extractos de flores y frutas.<\/p>\n","protected":false},"featured_media":2629,"comment_status":"closed","ping_status":"closed","template":"","meta":{"_joinchat":[]},"product_cat":[20],"product_tag":[],"class_list":["post-2628","product","type-product","status-publish","has-post-thumbnail","hentry","product_cat-tolure-cosmetics","product-grid-view"],"yoast_head":"<!-- This site is optimized with the Yoast SEO plugin v20.0 - https:\/\/yoast.com\/wordpress\/plugins\/seo\/ -->\n<title>00703 1,5 ML HAIRPLUS TOLURE FLUIDO POTENCIADOR CEJAS Y PESTA\u00d1A - BeStetic Selection<\/title>\n<meta name=\"robots\" content=\"noindex, follow\" \/>\n<meta property=\"og:locale\" content=\"es_ES\" \/>\n<meta property=\"og:type\" content=\"article\" \/>\n<meta property=\"og:title\" content=\"00703 1,5 ML HAIRPLUS TOLURE FLUIDO POTENCIADOR CEJAS Y PESTA\u00d1A - BeStetic Selection\" \/>\n<meta property=\"og:description\" content=\"TOLURE HAIRPLUS \u00ae 1,5ML - SERUM PARA PESTA\u00d1AS Y CEJAS Serum 2 en 1 para pesta\u00f1as y cejas Probado para mejorar el crecimiento natural 1x aplicaci\u00f3n diaria que asegura pesta\u00f1as largas y fuertes y cejas gruesas Resultados visibles ya despu\u00e9s de 3 semanas Efecto cuidado con extractos de flores y frutas.\" \/>\n<meta property=\"og:url\" content=\"https:\/\/besteticselection.com\/particulares\/producto\/00703-15-ml-hairplus-tolure-fluido-potenciador-cejas-y-pestana\/\" \/>\n<meta property=\"og:site_name\" content=\"BeStetic Selection\" \/>\n<meta property=\"article:modified_time\" content=\"2024-11-29T18:21:33+00:00\" \/>\n<meta property=\"og:image\" content=\"https:\/\/besteticselection.com\/particulares\/wp-content\/uploads\/2024\/10\/hair2-2-450x437-1.webp\" \/>\n\t<meta property=\"og:image:width\" content=\"450\" \/>\n\t<meta property=\"og:image:height\" content=\"437\" \/>\n\t<meta property=\"og:image:type\" content=\"image\/webp\" \/>\n<meta name=\"twitter:card\" content=\"summary_large_image\" \/>\n<meta name=\"twitter:label1\" content=\"Tiempo de lectura\" \/>\n\t<meta name=\"twitter:data1\" content=\"2 minutos\" \/>\n<script type=\"application\/ld+json\" class=\"yoast-schema-graph\">{\"@context\":\"https:\/\/schema.org\",\"@graph\":[{\"@type\":\"WebPage\",\"@id\":\"https:\/\/besteticselection.com\/particulares\/producto\/00703-15-ml-hairplus-tolure-fluido-potenciador-cejas-y-pestana\/\",\"url\":\"https:\/\/besteticselection.com\/particulares\/producto\/00703-15-ml-hairplus-tolure-fluido-potenciador-cejas-y-pestana\/\",\"name\":\"00703 1,5 ML HAIRPLUS TOLURE FLUIDO POTENCIADOR CEJAS Y PESTA\u00d1A - BeStetic Selection\",\"isPartOf\":{\"@id\":\"https:\/\/besteticselection.com\/particulares\/#website\"},\"datePublished\":\"2024-10-16T09:28:16+00:00\",\"dateModified\":\"2024-11-29T18:21:33+00:00\",\"breadcrumb\":{\"@id\":\"https:\/\/besteticselection.com\/particulares\/producto\/00703-15-ml-hairplus-tolure-fluido-potenciador-cejas-y-pestana\/#breadcrumb\"},\"inLanguage\":\"es\",\"potentialAction\":[{\"@type\":\"ReadAction\",\"target\":[\"https:\/\/besteticselection.com\/particulares\/producto\/00703-15-ml-hairplus-tolure-fluido-potenciador-cejas-y-pestana\/\"]}]},{\"@type\":\"BreadcrumbList\",\"@id\":\"https:\/\/besteticselection.com\/particulares\/producto\/00703-15-ml-hairplus-tolure-fluido-potenciador-cejas-y-pestana\/#breadcrumb\",\"itemListElement\":[{\"@type\":\"ListItem\",\"position\":1,\"name\":\"TIENDA ONLINE\",\"item\":\"https:\/\/besteticselection.com\/particulares\/\"},{\"@type\":\"ListItem\",\"position\":2,\"name\":\"00703 1,5 ML HAIRPLUS TOLURE FLUIDO POTENCIADOR CEJAS Y PESTA\u00d1A\"}]},{\"@type\":\"WebSite\",\"@id\":\"https:\/\/besteticselection.com\/particulares\/#website\",\"url\":\"https:\/\/besteticselection.com\/particulares\/\",\"name\":\"BeStetic Selection\",\"description\":\"BeStetic Selection\",\"potentialAction\":[{\"@type\":\"SearchAction\",\"target\":{\"@type\":\"EntryPoint\",\"urlTemplate\":\"https:\/\/besteticselection.com\/particulares\/?s={search_term_string}\"},\"query-input\":\"required name=search_term_string\"}],\"inLanguage\":\"es\"}]}<\/script>\n<!-- \/ Yoast SEO plugin. -->","yoast_head_json":{"title":"00703 1,5 ML HAIRPLUS TOLURE FLUIDO POTENCIADOR CEJAS Y PESTA\u00d1A - BeStetic Selection","robots":{"index":"noindex","follow":"follow"},"og_locale":"es_ES","og_type":"article","og_title":"00703 1,5 ML HAIRPLUS TOLURE FLUIDO POTENCIADOR CEJAS Y PESTA\u00d1A - BeStetic Selection","og_description":"TOLURE HAIRPLUS \u00ae 1,5ML - SERUM PARA PESTA\u00d1AS Y CEJAS Serum 2 en 1 para pesta\u00f1as y cejas Probado para mejorar el crecimiento natural 1x aplicaci\u00f3n diaria que asegura pesta\u00f1as largas y fuertes y cejas gruesas Resultados visibles ya despu\u00e9s de 3 semanas Efecto cuidado con extractos de flores y frutas.","og_url":"https:\/\/besteticselection.com\/particulares\/producto\/00703-15-ml-hairplus-tolure-fluido-potenciador-cejas-y-pestana\/","og_site_name":"BeStetic Selection","article_modified_time":"2024-11-29T18:21:33+00:00","og_image":[{"width":450,"height":437,"url":"https:\/\/besteticselection.com\/particulares\/wp-content\/uploads\/2024\/10\/hair2-2-450x437-1.webp","type":"image\/webp"}],"twitter_card":"summary_large_image","twitter_misc":{"Tiempo de lectura":"2 minutos"},"schema":{"@context":"https:\/\/schema.org","@graph":[{"@type":"WebPage","@id":"https:\/\/besteticselection.com\/particulares\/producto\/00703-15-ml-hairplus-tolure-fluido-potenciador-cejas-y-pestana\/","url":"https:\/\/besteticselection.com\/particulares\/producto\/00703-15-ml-hairplus-tolure-fluido-potenciador-cejas-y-pestana\/","name":"00703 1,5 ML HAIRPLUS TOLURE FLUIDO POTENCIADOR CEJAS Y PESTA\u00d1A - BeStetic Selection","isPartOf":{"@id":"https:\/\/besteticselection.com\/particulares\/#website"},"datePublished":"2024-10-16T09:28:16+00:00","dateModified":"2024-11-29T18:21:33+00:00","breadcrumb":{"@id":"https:\/\/besteticselection.com\/particulares\/producto\/00703-15-ml-hairplus-tolure-fluido-potenciador-cejas-y-pestana\/#breadcrumb"},"inLanguage":"es","potentialAction":[{"@type":"ReadAction","target":["https:\/\/besteticselection.com\/particulares\/producto\/00703-15-ml-hairplus-tolure-fluido-potenciador-cejas-y-pestana\/"]}]},{"@type":"BreadcrumbList","@id":"https:\/\/besteticselection.com\/particulares\/producto\/00703-15-ml-hairplus-tolure-fluido-potenciador-cejas-y-pestana\/#breadcrumb","itemListElement":[{"@type":"ListItem","position":1,"name":"TIENDA ONLINE","item":"https:\/\/besteticselection.com\/particulares\/"},{"@type":"ListItem","position":2,"name":"00703 1,5 ML HAIRPLUS TOLURE FLUIDO POTENCIADOR CEJAS Y PESTA\u00d1A"}]},{"@type":"WebSite","@id":"https:\/\/besteticselection.com\/particulares\/#website","url":"https:\/\/besteticselection.com\/particulares\/","name":"BeStetic Selection","description":"BeStetic Selection","potentialAction":[{"@type":"SearchAction","target":{"@type":"EntryPoint","urlTemplate":"https:\/\/besteticselection.com\/particulares\/?s={search_term_string}"},"query-input":"required name=search_term_string"}],"inLanguage":"es"}]}},"_links":{"self":[{"href":"https:\/\/besteticselection.com\/particulares\/wp-json\/wp\/v2\/product\/2628","targetHints":{"allow":["GET"]}}],"collection":[{"href":"https:\/\/besteticselection.com\/particulares\/wp-json\/wp\/v2\/product"}],"about":[{"href":"https:\/\/besteticselection.com\/particulares\/wp-json\/wp\/v2\/types\/product"}],"replies":[{"embeddable":true,"href":"https:\/\/besteticselection.com\/particulares\/wp-json\/wp\/v2\/comments?post=2628"}],"wp:featuredmedia":[{"embeddable":true,"href":"https:\/\/besteticselection.com\/particulares\/wp-json\/wp\/v2\/media\/2629"}],"wp:attachment":[{"href":"https:\/\/besteticselection.com\/particulares\/wp-json\/wp\/v2\/media?parent=2628"}],"wp:term":[{"taxonomy":"product_cat","embeddable":true,"href":"https:\/\/besteticselection.com\/particulares\/wp-json\/wp\/v2\/product_cat?post=2628"},{"taxonomy":"product_tag","embeddable":true,"href":"https:\/\/besteticselection.com\/particulares\/wp-json\/wp\/v2\/product_tag?post=2628"}],"curies":[{"name":"wp","href":"https:\/\/api.w.org\/{rel}","templated":true}]}}