{"id":2504,"date":"2021-11-10T10:51:03","date_gmt":"2021-11-10T10:51:03","guid":{"rendered":"https:\/\/www.besteticselection.com\/particulares\/?post_type=product&#038;p=2504"},"modified":"2024-11-29T18:23:00","modified_gmt":"2024-11-29T18:23:00","slug":"00116-hairactiv-suero-revitalizante-del-cuero-cabelludo","status":"publish","type":"product","link":"https:\/\/besteticselection.com\/particulares\/producto\/00116-hairactiv-suero-revitalizante-del-cuero-cabelludo\/","title":{"rendered":"00116 HAIRACTIV SUERO REVITALIZANTE DEL CUERO CABELLUDO"},"content":{"rendered":"<h3>\u00bfQu\u00e9 hace HAIRACTIV?<\/h3>\n<p>\ud835\udddb\ud835\uddd4\ud835\udddc\ud835\udde5\ud835\uddd4\ud835\uddd6\ud835\udde7\ud835\udddc\ud835\udde9 revitaliza el cuero cabelludo, apoyando el crecimiento natural de su cabello, lo que da como resultado, un cabello m\u00e1s lleno y m\u00e1s fuerte. La densidad y el grosor del cabello se refuerzan con la alta eficacia de sus ingredientes y su cabello se nutre intensamente para promover un brillo natural y saludable.<\/p>\n<h3>C\u00f3mo act\u00faa HAIRACTIV<\/h3>\n<p>Ingredientes eficientes y de alta calidad en una combinaci\u00f3n \u00fanica aseguran un cuero cabelludo sano, fuerte y con m\u00e1s cantidad de pelo.<br \/>\n\u2800<br \/>\n\u2013\u00a0<strong>Follicusan DP<\/strong>: protege contra la ca\u00edda prematura y procesos acelerados de la ca\u00edda del cabello, revitaliza el cuero cabelludo y los fol\u00edculos pilosos, reactiva el ciclo de crecimiento del cabello, tiene una influencia positiva en la densidad del cabello y su grosor.<br \/>\n\u2013\u00a0<strong>Redensyl<\/strong>: promueve el crecimiento del cabello, reduce la ca\u00edda del mismo y tiene influencia positiva en la densidad y el grosor del cabello.<br \/>\n\u2013\u00a0<strong>AnaGain PF<\/strong>: basado en brotes de guisantes, estimula unas mol\u00e9culas espec\u00edficas de se\u00f1alizaci\u00f3n en la papila d\u00e9rmica y as\u00ed reactiva el crecimiento del cabello, la reducci\u00f3n de su ca\u00edda y, adem\u00e1s tiene una influencia positiva en la densidad del cabello y la duraci\u00f3n de las fases an\u00e1gena \/ tel\u00f3gena (proporci\u00f3n de activo, en los fol\u00edculos pilosos en crecimiento en comparaci\u00f3n con la fase de los fol\u00edculos pilosos en reposo) puede aumentar.<br \/>\n\u2013\u00a0<strong>D-Pantenol<\/strong>: absorbe la humedad, da brillo al cabello, flexibilidad y plenitud, mejora la condici\u00f3n en los cabellos da\u00f1ados (efecto reparador).<br \/>\n\u2013\u00a0<strong>Cafe\u00edna<\/strong>: estimula las ra\u00edces del cabello y hace que el cabello crezca de nuevo. Debido a que la cafe\u00edna act\u00faa como un oponente de la testosterona en las ra\u00edces del cabello.<\/p>\n<p>Con un uso regular, los primeros resultados son visibles despu\u00e9s de 3 meses.<\/p>\n<p><strong><em>HAIRACTIV revitaliza el cuero cabelludo y apoya el crecimiento natural de tu cabello!<br \/>\n\u00a1M\u00e1s cabello! \u00a1M\u00e1s volumen!<\/em><\/strong><\/p>\n","protected":false},"excerpt":{"rendered":"<h2 class=\"mkdf-single-product-title\">HairActiv Tolure<\/h2>\n<div class=\"woocommerce-product-details__short-description\">\n<p>SERUM ACTIVADOR DE CRECIMIENTO PARA EL CABELLO<br \/>\nPara un cabello m\u00e1s denso y m\u00e1s fuerte.<\/p>\n<p>Una nueva generaci\u00f3n de cuidados ha llegado con HAIRACTIV, reactivando el ciclo de crecimiento del cabello, apoyando el crecimiento natural y revitalizando el cuero cabelludo.<\/p>\n<\/div>\n","protected":false},"featured_media":2505,"comment_status":"closed","ping_status":"closed","template":"","meta":{"_joinchat":[]},"product_cat":[20],"product_tag":[],"class_list":["post-2504","product","type-product","status-publish","has-post-thumbnail","hentry","product_cat-tolure-cosmetics","product-grid-view"],"yoast_head":"<!-- This site is optimized with the Yoast SEO plugin v20.0 - https:\/\/yoast.com\/wordpress\/plugins\/seo\/ -->\n<title>00116 HAIRACTIV SUERO REVITALIZANTE DEL CUERO CABELLUDO - BeStetic Selection<\/title>\n<meta name=\"robots\" content=\"noindex, follow\" \/>\n<meta property=\"og:locale\" content=\"es_ES\" \/>\n<meta property=\"og:type\" content=\"article\" \/>\n<meta property=\"og:title\" content=\"00116 HAIRACTIV SUERO REVITALIZANTE DEL CUERO CABELLUDO - BeStetic Selection\" \/>\n<meta property=\"og:description\" content=\"HairActiv Tolure   SERUM ACTIVADOR DE CRECIMIENTO PARA EL CABELLO Para un cabello m\u00e1s denso y m\u00e1s fuerte.  Una nueva generaci\u00f3n de cuidados ha llegado con HAIRACTIV, reactivando el ciclo de crecimiento del cabello, apoyando el crecimiento natural y revitalizando el cuero cabelludo.\" \/>\n<meta property=\"og:url\" content=\"https:\/\/besteticselection.com\/particulares\/producto\/00116-hairactiv-suero-revitalizante-del-cuero-cabelludo\/\" \/>\n<meta property=\"og:site_name\" content=\"BeStetic Selection\" \/>\n<meta property=\"article:modified_time\" content=\"2024-11-29T18:23:00+00:00\" \/>\n<meta property=\"og:image\" content=\"https:\/\/besteticselection.com\/particulares\/wp-content\/uploads\/2021\/11\/WhatsApp-Image-2021-11-09-at-13.44.03.jpeg\" \/>\n\t<meta property=\"og:image:width\" content=\"1600\" \/>\n\t<meta property=\"og:image:height\" content=\"1600\" \/>\n\t<meta property=\"og:image:type\" content=\"image\/jpeg\" \/>\n<meta name=\"twitter:card\" content=\"summary_large_image\" \/>\n<meta name=\"twitter:label1\" content=\"Tiempo de lectura\" \/>\n\t<meta name=\"twitter:data1\" content=\"2 minutos\" \/>\n<script type=\"application\/ld+json\" class=\"yoast-schema-graph\">{\"@context\":\"https:\/\/schema.org\",\"@graph\":[{\"@type\":\"WebPage\",\"@id\":\"https:\/\/besteticselection.com\/particulares\/producto\/00116-hairactiv-suero-revitalizante-del-cuero-cabelludo\/\",\"url\":\"https:\/\/besteticselection.com\/particulares\/producto\/00116-hairactiv-suero-revitalizante-del-cuero-cabelludo\/\",\"name\":\"00116 HAIRACTIV SUERO REVITALIZANTE DEL CUERO CABELLUDO - BeStetic Selection\",\"isPartOf\":{\"@id\":\"https:\/\/besteticselection.com\/particulares\/#website\"},\"datePublished\":\"2021-11-10T10:51:03+00:00\",\"dateModified\":\"2024-11-29T18:23:00+00:00\",\"breadcrumb\":{\"@id\":\"https:\/\/besteticselection.com\/particulares\/producto\/00116-hairactiv-suero-revitalizante-del-cuero-cabelludo\/#breadcrumb\"},\"inLanguage\":\"es\",\"potentialAction\":[{\"@type\":\"ReadAction\",\"target\":[\"https:\/\/besteticselection.com\/particulares\/producto\/00116-hairactiv-suero-revitalizante-del-cuero-cabelludo\/\"]}]},{\"@type\":\"BreadcrumbList\",\"@id\":\"https:\/\/besteticselection.com\/particulares\/producto\/00116-hairactiv-suero-revitalizante-del-cuero-cabelludo\/#breadcrumb\",\"itemListElement\":[{\"@type\":\"ListItem\",\"position\":1,\"name\":\"TIENDA ONLINE\",\"item\":\"https:\/\/besteticselection.com\/particulares\/\"},{\"@type\":\"ListItem\",\"position\":2,\"name\":\"00116 HAIRACTIV SUERO REVITALIZANTE DEL CUERO CABELLUDO\"}]},{\"@type\":\"WebSite\",\"@id\":\"https:\/\/besteticselection.com\/particulares\/#website\",\"url\":\"https:\/\/besteticselection.com\/particulares\/\",\"name\":\"BeStetic Selection\",\"description\":\"BeStetic Selection\",\"potentialAction\":[{\"@type\":\"SearchAction\",\"target\":{\"@type\":\"EntryPoint\",\"urlTemplate\":\"https:\/\/besteticselection.com\/particulares\/?s={search_term_string}\"},\"query-input\":\"required name=search_term_string\"}],\"inLanguage\":\"es\"}]}<\/script>\n<!-- \/ Yoast SEO plugin. -->","yoast_head_json":{"title":"00116 HAIRACTIV SUERO REVITALIZANTE DEL CUERO CABELLUDO - BeStetic Selection","robots":{"index":"noindex","follow":"follow"},"og_locale":"es_ES","og_type":"article","og_title":"00116 HAIRACTIV SUERO REVITALIZANTE DEL CUERO CABELLUDO - BeStetic Selection","og_description":"HairActiv Tolure   SERUM ACTIVADOR DE CRECIMIENTO PARA EL CABELLO Para un cabello m\u00e1s denso y m\u00e1s fuerte.  Una nueva generaci\u00f3n de cuidados ha llegado con HAIRACTIV, reactivando el ciclo de crecimiento del cabello, apoyando el crecimiento natural y revitalizando el cuero cabelludo.","og_url":"https:\/\/besteticselection.com\/particulares\/producto\/00116-hairactiv-suero-revitalizante-del-cuero-cabelludo\/","og_site_name":"BeStetic Selection","article_modified_time":"2024-11-29T18:23:00+00:00","og_image":[{"width":1600,"height":1600,"url":"https:\/\/besteticselection.com\/particulares\/wp-content\/uploads\/2021\/11\/WhatsApp-Image-2021-11-09-at-13.44.03.jpeg","type":"image\/jpeg"}],"twitter_card":"summary_large_image","twitter_misc":{"Tiempo de lectura":"2 minutos"},"schema":{"@context":"https:\/\/schema.org","@graph":[{"@type":"WebPage","@id":"https:\/\/besteticselection.com\/particulares\/producto\/00116-hairactiv-suero-revitalizante-del-cuero-cabelludo\/","url":"https:\/\/besteticselection.com\/particulares\/producto\/00116-hairactiv-suero-revitalizante-del-cuero-cabelludo\/","name":"00116 HAIRACTIV SUERO REVITALIZANTE DEL CUERO CABELLUDO - BeStetic Selection","isPartOf":{"@id":"https:\/\/besteticselection.com\/particulares\/#website"},"datePublished":"2021-11-10T10:51:03+00:00","dateModified":"2024-11-29T18:23:00+00:00","breadcrumb":{"@id":"https:\/\/besteticselection.com\/particulares\/producto\/00116-hairactiv-suero-revitalizante-del-cuero-cabelludo\/#breadcrumb"},"inLanguage":"es","potentialAction":[{"@type":"ReadAction","target":["https:\/\/besteticselection.com\/particulares\/producto\/00116-hairactiv-suero-revitalizante-del-cuero-cabelludo\/"]}]},{"@type":"BreadcrumbList","@id":"https:\/\/besteticselection.com\/particulares\/producto\/00116-hairactiv-suero-revitalizante-del-cuero-cabelludo\/#breadcrumb","itemListElement":[{"@type":"ListItem","position":1,"name":"TIENDA ONLINE","item":"https:\/\/besteticselection.com\/particulares\/"},{"@type":"ListItem","position":2,"name":"00116 HAIRACTIV SUERO REVITALIZANTE DEL CUERO CABELLUDO"}]},{"@type":"WebSite","@id":"https:\/\/besteticselection.com\/particulares\/#website","url":"https:\/\/besteticselection.com\/particulares\/","name":"BeStetic Selection","description":"BeStetic Selection","potentialAction":[{"@type":"SearchAction","target":{"@type":"EntryPoint","urlTemplate":"https:\/\/besteticselection.com\/particulares\/?s={search_term_string}"},"query-input":"required name=search_term_string"}],"inLanguage":"es"}]}},"_links":{"self":[{"href":"https:\/\/besteticselection.com\/particulares\/wp-json\/wp\/v2\/product\/2504","targetHints":{"allow":["GET"]}}],"collection":[{"href":"https:\/\/besteticselection.com\/particulares\/wp-json\/wp\/v2\/product"}],"about":[{"href":"https:\/\/besteticselection.com\/particulares\/wp-json\/wp\/v2\/types\/product"}],"replies":[{"embeddable":true,"href":"https:\/\/besteticselection.com\/particulares\/wp-json\/wp\/v2\/comments?post=2504"}],"wp:featuredmedia":[{"embeddable":true,"href":"https:\/\/besteticselection.com\/particulares\/wp-json\/wp\/v2\/media\/2505"}],"wp:attachment":[{"href":"https:\/\/besteticselection.com\/particulares\/wp-json\/wp\/v2\/media?parent=2504"}],"wp:term":[{"taxonomy":"product_cat","embeddable":true,"href":"https:\/\/besteticselection.com\/particulares\/wp-json\/wp\/v2\/product_cat?post=2504"},{"taxonomy":"product_tag","embeddable":true,"href":"https:\/\/besteticselection.com\/particulares\/wp-json\/wp\/v2\/product_tag?post=2504"}],"curies":[{"name":"wp","href":"https:\/\/api.w.org\/{rel}","templated":true}]}}