{"id":2445,"date":"2021-07-15T11:43:42","date_gmt":"2021-07-15T11:43:42","guid":{"rendered":"https:\/\/www.besteticselection.com\/particulares\/?post_type=product&#038;p=2445"},"modified":"2024-11-29T18:20:23","modified_gmt":"2024-11-29T18:20:23","slug":"00115-hairplus-serum-de-pestanas-red-coral","status":"publish","type":"product","link":"https:\/\/besteticselection.com\/particulares\/producto\/00115-hairplus-serum-de-pestanas-red-coral\/","title":{"rendered":"00115 HAIRPLUS SERUM DE PESTA\u00d1AS RED CORAL"},"content":{"rendered":"<p><strong>As\u00ed funciona HAIRPLUS RED CORAL\u00ae:<\/strong><\/p>\n<p class=\"p1\">HairPlus Coral Rojo\u00ae, con su composici\u00f3n especial, estimula la funci\u00f3n de los fol\u00edculos pilosos, apoya su potencial de crecimiento natural y ayuda a mantener, rejuvenecer y cuidar de manera \u00f3ptima la nueva longitud de las pesta\u00f1as. HairPlus Coral Rojo\u00ae aumenta la elasticidad de la estructura del cabello y reduce la rotura del pelo. A trav\u00e9s de los ingredientes naturales, la estructura del cabello se fortalece y contrarresta la p\u00e9rdida de pesta\u00f1as y cejas.<\/p>\n<p class=\"p3\"><em>Sympeptide<\/em>\u00a0asegura que el ingrediente activo penetre profundamente en la piel y los fol\u00edculos pilosos.\u00a0<em>El p\u00e9ptido<\/em>\u00a0favorece la producci\u00f3n de queratina, el componente principal del cabello y las pesta\u00f1as. La propia queratina del cuerpo combate los signos del envejecimiento al tiempo que mejora el aspecto de las pesta\u00f1as y las cejas.\u00a0<em>El \u00e1cido hialur\u00f3nico<\/em>\u00a0y\u00a0<em>el D-pantenol<\/em>\u00a0nutren y cuidan el cabello y aseguran unas pesta\u00f1as notablemente m\u00e1s largas y gruesas. Con un uso regular, los primeros resultados son visibles despu\u00e9s de 4-6 semanas. La rica f\u00f3rmula de ingredientes de alta calidad funciona sin hormonas y ha sido probada oftalmol\u00f3gicamente.<\/p>\n<p><strong>\u00a0<\/strong><\/p>\n<p><strong>Beneficios de HAIRPLUS RED CORAL\u00ae:<\/strong><\/p>\n<ul>\n<li>Recomendado para mujeres embarazadas, en periodo de lactancia o en procesos de quimioterapia.<\/li>\n<li>Producto sin hormonas, ni parabenos, ni sulfatos.<\/li>\n<li>Estimula los fol\u00edculos pilosos y apoya el crecimiento de las pesta\u00f1as y las cejas.<\/li>\n<li>Aumenta la elasticidad de la estructura del cabello.<\/li>\n<li>Nutre y cuida las pesta\u00f1as y cejas.<\/li>\n<\/ul>\n<p>&nbsp;<\/p>\n","protected":false},"excerpt":{"rendered":"<p><strong>HAIRPLUS RED CORAL\u00ae<\/strong><\/p>\n<p>Es un innovador<strong>\u00a0suero para pesta\u00f1as y cejas 2 en 1\u00a0<\/strong>natural\u00a0y especialmente recomendado para mujeres embarazadas o en procesos de quimioterapia. Su uso diario ayuda a que sus pesta\u00f1as y cejas se vean m\u00e1s atractivas a largo plazo. Asegura la m\u00e1xima longitud natural, densidad, grosor y por lo tanto un aspecto perfecto y natural. Si no est\u00e1s satisfecho con la longitud y la densidad de tus pesta\u00f1as o tienes antiest\u00e9ticas calvas en las cejas,\u00a0<strong>HairPlus de Tolure Cosmetics<\/strong>\u00a0es la soluci\u00f3n para ti.<\/p>\n","protected":false},"featured_media":2447,"comment_status":"closed","ping_status":"closed","template":"","meta":{"_joinchat":[]},"product_cat":[20],"product_tag":[],"class_list":["post-2445","product","type-product","status-publish","has-post-thumbnail","hentry","product_cat-tolure-cosmetics","product-grid-view"],"yoast_head":"<!-- This site is optimized with the Yoast SEO plugin v20.0 - https:\/\/yoast.com\/wordpress\/plugins\/seo\/ -->\n<title>00115 HAIRPLUS SERUM DE PESTA\u00d1AS RED CORAL - BeStetic Selection<\/title>\n<meta name=\"robots\" content=\"noindex, follow\" \/>\n<meta property=\"og:locale\" content=\"es_ES\" \/>\n<meta property=\"og:type\" content=\"article\" \/>\n<meta property=\"og:title\" content=\"00115 HAIRPLUS SERUM DE PESTA\u00d1AS RED CORAL - BeStetic Selection\" \/>\n<meta property=\"og:description\" content=\"HAIRPLUS RED CORAL\u00ae  Es un innovador\u00a0suero para pesta\u00f1as y cejas 2 en 1\u00a0natural\u00a0y especialmente recomendado para mujeres embarazadas o en procesos de quimioterapia. Su uso diario ayuda a que sus pesta\u00f1as y cejas se vean m\u00e1s atractivas a largo plazo. Asegura la m\u00e1xima longitud natural, densidad, grosor y por lo tanto un aspecto perfecto y natural. Si no est\u00e1s satisfecho con la longitud y la densidad de tus pesta\u00f1as o tienes antiest\u00e9ticas calvas en las cejas,\u00a0HairPlus de Tolure Cosmetics\u00a0es la soluci\u00f3n para ti.\" \/>\n<meta property=\"og:url\" content=\"https:\/\/besteticselection.com\/particulares\/producto\/00115-hairplus-serum-de-pestanas-red-coral\/\" \/>\n<meta property=\"og:site_name\" content=\"BeStetic Selection\" \/>\n<meta property=\"article:modified_time\" content=\"2024-11-29T18:20:23+00:00\" \/>\n<meta property=\"og:image\" content=\"https:\/\/besteticselection.com\/particulares\/wp-content\/uploads\/2021\/07\/HairPlus-Red-Coral-600x600-1.jpg\" \/>\n\t<meta property=\"og:image:width\" content=\"600\" \/>\n\t<meta property=\"og:image:height\" content=\"600\" \/>\n\t<meta property=\"og:image:type\" content=\"image\/jpeg\" \/>\n<meta name=\"twitter:card\" content=\"summary_large_image\" \/>\n<meta name=\"twitter:label1\" content=\"Tiempo de lectura\" \/>\n\t<meta name=\"twitter:data1\" content=\"1 minuto\" \/>\n<script type=\"application\/ld+json\" class=\"yoast-schema-graph\">{\"@context\":\"https:\/\/schema.org\",\"@graph\":[{\"@type\":\"WebPage\",\"@id\":\"https:\/\/besteticselection.com\/particulares\/producto\/00115-hairplus-serum-de-pestanas-red-coral\/\",\"url\":\"https:\/\/besteticselection.com\/particulares\/producto\/00115-hairplus-serum-de-pestanas-red-coral\/\",\"name\":\"00115 HAIRPLUS SERUM DE PESTA\u00d1AS RED CORAL - BeStetic Selection\",\"isPartOf\":{\"@id\":\"https:\/\/besteticselection.com\/particulares\/#website\"},\"datePublished\":\"2021-07-15T11:43:42+00:00\",\"dateModified\":\"2024-11-29T18:20:23+00:00\",\"breadcrumb\":{\"@id\":\"https:\/\/besteticselection.com\/particulares\/producto\/00115-hairplus-serum-de-pestanas-red-coral\/#breadcrumb\"},\"inLanguage\":\"es\",\"potentialAction\":[{\"@type\":\"ReadAction\",\"target\":[\"https:\/\/besteticselection.com\/particulares\/producto\/00115-hairplus-serum-de-pestanas-red-coral\/\"]}]},{\"@type\":\"BreadcrumbList\",\"@id\":\"https:\/\/besteticselection.com\/particulares\/producto\/00115-hairplus-serum-de-pestanas-red-coral\/#breadcrumb\",\"itemListElement\":[{\"@type\":\"ListItem\",\"position\":1,\"name\":\"TIENDA ONLINE\",\"item\":\"https:\/\/besteticselection.com\/particulares\/\"},{\"@type\":\"ListItem\",\"position\":2,\"name\":\"00115 HAIRPLUS SERUM DE PESTA\u00d1AS RED CORAL\"}]},{\"@type\":\"WebSite\",\"@id\":\"https:\/\/besteticselection.com\/particulares\/#website\",\"url\":\"https:\/\/besteticselection.com\/particulares\/\",\"name\":\"BeStetic Selection\",\"description\":\"BeStetic Selection\",\"potentialAction\":[{\"@type\":\"SearchAction\",\"target\":{\"@type\":\"EntryPoint\",\"urlTemplate\":\"https:\/\/besteticselection.com\/particulares\/?s={search_term_string}\"},\"query-input\":\"required name=search_term_string\"}],\"inLanguage\":\"es\"}]}<\/script>\n<!-- \/ Yoast SEO plugin. -->","yoast_head_json":{"title":"00115 HAIRPLUS SERUM DE PESTA\u00d1AS RED CORAL - BeStetic Selection","robots":{"index":"noindex","follow":"follow"},"og_locale":"es_ES","og_type":"article","og_title":"00115 HAIRPLUS SERUM DE PESTA\u00d1AS RED CORAL - BeStetic Selection","og_description":"HAIRPLUS RED CORAL\u00ae  Es un innovador\u00a0suero para pesta\u00f1as y cejas 2 en 1\u00a0natural\u00a0y especialmente recomendado para mujeres embarazadas o en procesos de quimioterapia. Su uso diario ayuda a que sus pesta\u00f1as y cejas se vean m\u00e1s atractivas a largo plazo. Asegura la m\u00e1xima longitud natural, densidad, grosor y por lo tanto un aspecto perfecto y natural. Si no est\u00e1s satisfecho con la longitud y la densidad de tus pesta\u00f1as o tienes antiest\u00e9ticas calvas en las cejas,\u00a0HairPlus de Tolure Cosmetics\u00a0es la soluci\u00f3n para ti.","og_url":"https:\/\/besteticselection.com\/particulares\/producto\/00115-hairplus-serum-de-pestanas-red-coral\/","og_site_name":"BeStetic Selection","article_modified_time":"2024-11-29T18:20:23+00:00","og_image":[{"width":600,"height":600,"url":"https:\/\/besteticselection.com\/particulares\/wp-content\/uploads\/2021\/07\/HairPlus-Red-Coral-600x600-1.jpg","type":"image\/jpeg"}],"twitter_card":"summary_large_image","twitter_misc":{"Tiempo de lectura":"1 minuto"},"schema":{"@context":"https:\/\/schema.org","@graph":[{"@type":"WebPage","@id":"https:\/\/besteticselection.com\/particulares\/producto\/00115-hairplus-serum-de-pestanas-red-coral\/","url":"https:\/\/besteticselection.com\/particulares\/producto\/00115-hairplus-serum-de-pestanas-red-coral\/","name":"00115 HAIRPLUS SERUM DE PESTA\u00d1AS RED CORAL - BeStetic Selection","isPartOf":{"@id":"https:\/\/besteticselection.com\/particulares\/#website"},"datePublished":"2021-07-15T11:43:42+00:00","dateModified":"2024-11-29T18:20:23+00:00","breadcrumb":{"@id":"https:\/\/besteticselection.com\/particulares\/producto\/00115-hairplus-serum-de-pestanas-red-coral\/#breadcrumb"},"inLanguage":"es","potentialAction":[{"@type":"ReadAction","target":["https:\/\/besteticselection.com\/particulares\/producto\/00115-hairplus-serum-de-pestanas-red-coral\/"]}]},{"@type":"BreadcrumbList","@id":"https:\/\/besteticselection.com\/particulares\/producto\/00115-hairplus-serum-de-pestanas-red-coral\/#breadcrumb","itemListElement":[{"@type":"ListItem","position":1,"name":"TIENDA ONLINE","item":"https:\/\/besteticselection.com\/particulares\/"},{"@type":"ListItem","position":2,"name":"00115 HAIRPLUS SERUM DE PESTA\u00d1AS RED CORAL"}]},{"@type":"WebSite","@id":"https:\/\/besteticselection.com\/particulares\/#website","url":"https:\/\/besteticselection.com\/particulares\/","name":"BeStetic Selection","description":"BeStetic Selection","potentialAction":[{"@type":"SearchAction","target":{"@type":"EntryPoint","urlTemplate":"https:\/\/besteticselection.com\/particulares\/?s={search_term_string}"},"query-input":"required name=search_term_string"}],"inLanguage":"es"}]}},"_links":{"self":[{"href":"https:\/\/besteticselection.com\/particulares\/wp-json\/wp\/v2\/product\/2445","targetHints":{"allow":["GET"]}}],"collection":[{"href":"https:\/\/besteticselection.com\/particulares\/wp-json\/wp\/v2\/product"}],"about":[{"href":"https:\/\/besteticselection.com\/particulares\/wp-json\/wp\/v2\/types\/product"}],"replies":[{"embeddable":true,"href":"https:\/\/besteticselection.com\/particulares\/wp-json\/wp\/v2\/comments?post=2445"}],"wp:featuredmedia":[{"embeddable":true,"href":"https:\/\/besteticselection.com\/particulares\/wp-json\/wp\/v2\/media\/2447"}],"wp:attachment":[{"href":"https:\/\/besteticselection.com\/particulares\/wp-json\/wp\/v2\/media?parent=2445"}],"wp:term":[{"taxonomy":"product_cat","embeddable":true,"href":"https:\/\/besteticselection.com\/particulares\/wp-json\/wp\/v2\/product_cat?post=2445"},{"taxonomy":"product_tag","embeddable":true,"href":"https:\/\/besteticselection.com\/particulares\/wp-json\/wp\/v2\/product_tag?post=2445"}],"curies":[{"name":"wp","href":"https:\/\/api.w.org\/{rel}","templated":true}]}}