{"id":1808,"date":"2021-07-10T19:08:23","date_gmt":"2021-07-10T19:08:23","guid":{"rendered":"https:\/\/www.besteticselection.com\/particulares\/?post_type=product&#038;p=1808"},"modified":"2024-11-29T18:28:16","modified_gmt":"2024-11-29T18:28:16","slug":"00112-mad-4-eyebrown-tono-castano","status":"publish","type":"product","link":"https:\/\/besteticselection.com\/particulares\/producto\/00112-mad-4-eyebrown-tono-castano\/","title":{"rendered":"00112 MAD 4 EYEBROWN TONO CASTA\u00d1O"},"content":{"rendered":"<p>El relleno de cejas\u00a0<strong>Made4Eyebrow<\/strong>\u00a0es un polvo de cejas \u00fanico hecho a base de fibras pigmentadas que proporcionan m\u00e1s volumen y rellenan la ceja, d\u00e1ndoles un aspecto mucho m\u00e1s denso al instante. El pigmento de color proporciona una cobertura de 24 horas y es impermeable, por lo que jam\u00e1s tendr\u00e1s problemas con su resistencia.<\/p>\n<p>Sus propiedades garantizan un resultado \u00f3ptimo, libre de residuos de l\u00e1piz o polvo. Olv\u00eddate de manchas o de antiest\u00e9ticas calvas en tus cejas.\u00a0<strong>MADE4EYEBROW<\/strong>\u00a0asegura un aspecto natural y est\u00e9tico a tus cejas. Si est\u00e1s buscando un relleno de cejas que asegure un resultado 100% natural e inmediato, MADE4EYEBROW es tu soluci\u00f3n.<\/p>\n","protected":false},"excerpt":{"rendered":"<p>El relleno de cejas\u00a0<strong>Made4Eyebrow<\/strong> es un polvo de cejas \u00fanico hecho a base de fibras pigmentadas que proporcionan m\u00e1s volumen y rellenan la ceja, d\u00e1ndoles un aspecto mucho m\u00e1s denso al instante.<\/p>\n","protected":false},"featured_media":1807,"comment_status":"closed","ping_status":"closed","template":"","meta":{"_joinchat":[]},"product_cat":[20],"product_tag":[],"class_list":["post-1808","product","type-product","status-publish","has-post-thumbnail","hentry","product_cat-tolure-cosmetics","product-grid-view"],"yoast_head":"<!-- This site is optimized with the Yoast SEO plugin v20.0 - https:\/\/yoast.com\/wordpress\/plugins\/seo\/ -->\n<title>00112 MAD 4 EYEBROWN TONO CASTA\u00d1O - BeStetic Selection<\/title>\n<meta name=\"robots\" content=\"noindex, follow\" \/>\n<meta property=\"og:locale\" content=\"es_ES\" \/>\n<meta property=\"og:type\" content=\"article\" \/>\n<meta property=\"og:title\" content=\"00112 MAD 4 EYEBROWN TONO CASTA\u00d1O - BeStetic Selection\" \/>\n<meta property=\"og:description\" content=\"El relleno de cejas\u00a0Made4Eyebrow es un polvo de cejas \u00fanico hecho a base de fibras pigmentadas que proporcionan m\u00e1s volumen y rellenan la ceja, d\u00e1ndoles un aspecto mucho m\u00e1s denso al instante.\" \/>\n<meta property=\"og:url\" content=\"https:\/\/besteticselection.com\/particulares\/producto\/00112-mad-4-eyebrown-tono-castano\/\" \/>\n<meta property=\"og:site_name\" content=\"BeStetic Selection\" \/>\n<meta property=\"article:modified_time\" content=\"2024-11-29T18:28:16+00:00\" \/>\n<meta property=\"og:image\" content=\"https:\/\/besteticselection.com\/particulares\/wp-content\/uploads\/2020\/12\/made4eyebrow-1.jpg\" \/>\n\t<meta property=\"og:image:width\" content=\"600\" \/>\n\t<meta property=\"og:image:height\" content=\"600\" \/>\n\t<meta property=\"og:image:type\" content=\"image\/jpeg\" \/>\n<meta name=\"twitter:card\" content=\"summary_large_image\" \/>\n<meta name=\"twitter:label1\" content=\"Tiempo de lectura\" \/>\n\t<meta name=\"twitter:data1\" content=\"1 minuto\" \/>\n<script type=\"application\/ld+json\" class=\"yoast-schema-graph\">{\"@context\":\"https:\/\/schema.org\",\"@graph\":[{\"@type\":\"WebPage\",\"@id\":\"https:\/\/besteticselection.com\/particulares\/producto\/00112-mad-4-eyebrown-tono-castano\/\",\"url\":\"https:\/\/besteticselection.com\/particulares\/producto\/00112-mad-4-eyebrown-tono-castano\/\",\"name\":\"00112 MAD 4 EYEBROWN TONO CASTA\u00d1O - BeStetic Selection\",\"isPartOf\":{\"@id\":\"https:\/\/besteticselection.com\/particulares\/#website\"},\"datePublished\":\"2021-07-10T19:08:23+00:00\",\"dateModified\":\"2024-11-29T18:28:16+00:00\",\"breadcrumb\":{\"@id\":\"https:\/\/besteticselection.com\/particulares\/producto\/00112-mad-4-eyebrown-tono-castano\/#breadcrumb\"},\"inLanguage\":\"es\",\"potentialAction\":[{\"@type\":\"ReadAction\",\"target\":[\"https:\/\/besteticselection.com\/particulares\/producto\/00112-mad-4-eyebrown-tono-castano\/\"]}]},{\"@type\":\"BreadcrumbList\",\"@id\":\"https:\/\/besteticselection.com\/particulares\/producto\/00112-mad-4-eyebrown-tono-castano\/#breadcrumb\",\"itemListElement\":[{\"@type\":\"ListItem\",\"position\":1,\"name\":\"TIENDA ONLINE\",\"item\":\"https:\/\/besteticselection.com\/particulares\/\"},{\"@type\":\"ListItem\",\"position\":2,\"name\":\"00112 MAD 4 EYEBROWN TONO CASTA\u00d1O\"}]},{\"@type\":\"WebSite\",\"@id\":\"https:\/\/besteticselection.com\/particulares\/#website\",\"url\":\"https:\/\/besteticselection.com\/particulares\/\",\"name\":\"BeStetic Selection\",\"description\":\"BeStetic Selection\",\"potentialAction\":[{\"@type\":\"SearchAction\",\"target\":{\"@type\":\"EntryPoint\",\"urlTemplate\":\"https:\/\/besteticselection.com\/particulares\/?s={search_term_string}\"},\"query-input\":\"required name=search_term_string\"}],\"inLanguage\":\"es\"}]}<\/script>\n<!-- \/ Yoast SEO plugin. -->","yoast_head_json":{"title":"00112 MAD 4 EYEBROWN TONO CASTA\u00d1O - BeStetic Selection","robots":{"index":"noindex","follow":"follow"},"og_locale":"es_ES","og_type":"article","og_title":"00112 MAD 4 EYEBROWN TONO CASTA\u00d1O - BeStetic Selection","og_description":"El relleno de cejas\u00a0Made4Eyebrow es un polvo de cejas \u00fanico hecho a base de fibras pigmentadas que proporcionan m\u00e1s volumen y rellenan la ceja, d\u00e1ndoles un aspecto mucho m\u00e1s denso al instante.","og_url":"https:\/\/besteticselection.com\/particulares\/producto\/00112-mad-4-eyebrown-tono-castano\/","og_site_name":"BeStetic Selection","article_modified_time":"2024-11-29T18:28:16+00:00","og_image":[{"width":600,"height":600,"url":"https:\/\/besteticselection.com\/particulares\/wp-content\/uploads\/2020\/12\/made4eyebrow-1.jpg","type":"image\/jpeg"}],"twitter_card":"summary_large_image","twitter_misc":{"Tiempo de lectura":"1 minuto"},"schema":{"@context":"https:\/\/schema.org","@graph":[{"@type":"WebPage","@id":"https:\/\/besteticselection.com\/particulares\/producto\/00112-mad-4-eyebrown-tono-castano\/","url":"https:\/\/besteticselection.com\/particulares\/producto\/00112-mad-4-eyebrown-tono-castano\/","name":"00112 MAD 4 EYEBROWN TONO CASTA\u00d1O - BeStetic Selection","isPartOf":{"@id":"https:\/\/besteticselection.com\/particulares\/#website"},"datePublished":"2021-07-10T19:08:23+00:00","dateModified":"2024-11-29T18:28:16+00:00","breadcrumb":{"@id":"https:\/\/besteticselection.com\/particulares\/producto\/00112-mad-4-eyebrown-tono-castano\/#breadcrumb"},"inLanguage":"es","potentialAction":[{"@type":"ReadAction","target":["https:\/\/besteticselection.com\/particulares\/producto\/00112-mad-4-eyebrown-tono-castano\/"]}]},{"@type":"BreadcrumbList","@id":"https:\/\/besteticselection.com\/particulares\/producto\/00112-mad-4-eyebrown-tono-castano\/#breadcrumb","itemListElement":[{"@type":"ListItem","position":1,"name":"TIENDA ONLINE","item":"https:\/\/besteticselection.com\/particulares\/"},{"@type":"ListItem","position":2,"name":"00112 MAD 4 EYEBROWN TONO CASTA\u00d1O"}]},{"@type":"WebSite","@id":"https:\/\/besteticselection.com\/particulares\/#website","url":"https:\/\/besteticselection.com\/particulares\/","name":"BeStetic Selection","description":"BeStetic Selection","potentialAction":[{"@type":"SearchAction","target":{"@type":"EntryPoint","urlTemplate":"https:\/\/besteticselection.com\/particulares\/?s={search_term_string}"},"query-input":"required name=search_term_string"}],"inLanguage":"es"}]}},"_links":{"self":[{"href":"https:\/\/besteticselection.com\/particulares\/wp-json\/wp\/v2\/product\/1808","targetHints":{"allow":["GET"]}}],"collection":[{"href":"https:\/\/besteticselection.com\/particulares\/wp-json\/wp\/v2\/product"}],"about":[{"href":"https:\/\/besteticselection.com\/particulares\/wp-json\/wp\/v2\/types\/product"}],"replies":[{"embeddable":true,"href":"https:\/\/besteticselection.com\/particulares\/wp-json\/wp\/v2\/comments?post=1808"}],"wp:featuredmedia":[{"embeddable":true,"href":"https:\/\/besteticselection.com\/particulares\/wp-json\/wp\/v2\/media\/1807"}],"wp:attachment":[{"href":"https:\/\/besteticselection.com\/particulares\/wp-json\/wp\/v2\/media?parent=1808"}],"wp:term":[{"taxonomy":"product_cat","embeddable":true,"href":"https:\/\/besteticselection.com\/particulares\/wp-json\/wp\/v2\/product_cat?post=1808"},{"taxonomy":"product_tag","embeddable":true,"href":"https:\/\/besteticselection.com\/particulares\/wp-json\/wp\/v2\/product_tag?post=1808"}],"curies":[{"name":"wp","href":"https:\/\/api.w.org\/{rel}","templated":true}]}}