{"id":1804,"date":"2021-07-12T18:59:41","date_gmt":"2021-07-12T18:59:41","guid":{"rendered":"https:\/\/www.besteticselection.com\/particulares\/?post_type=product&#038;p=1804"},"modified":"2025-11-30T16:02:41","modified_gmt":"2025-11-30T16:02:41","slug":"00110-mascara-de-pestanas-blacktonature","status":"publish","type":"product","link":"https:\/\/besteticselection.com\/particulares\/producto\/00110-mascara-de-pestanas-blacktonature\/","title":{"rendered":"00110 M\u00e1scara de Pesta\u00f1as con Tratamiento BlackToNature"},"content":{"rendered":"<h3>\u00bfQu\u00e9 puede hacer la m\u00e1scara de volumen BLACKTONATURE\u00a0\u00ae\u00a0de Tolure?<\/h3>\n<p>Con una f\u00f3rmula nueva, \u00fanica y pura de TOLURE COSMETICS, la BLACKT\u00d5NATURE\u00ae\ufe0f Volume M\u00e1scara, mejora el crecimiento de las pesta\u00f1as al mismo tiempo que da un volumen definido y pesta\u00f1as perfectamente separadas.<\/p>\n<p>La m\u00e1scara de pesta\u00f1as BLACKT\u00d5NATURE\u00ae\ufe0f es un producto cosm\u00e9tico ultra natural cuya f\u00f3rmula se basa en ingredientes seleccionados y 96% naturales.<\/p>\n<p>Es completamente vegana, sumerge tus pesta\u00f1as en un color negro profundo y promueve la densidad y la longitud de las mismas con extractos de crecimiento.<\/p>\n<ul>\n<li>\n<ul>\n<li><strong>El extracto de plancton:<\/strong>\u00a0estimula los fol\u00edculos pilosos y aumenta la densidad y la longitud de las pesta\u00f1as.<\/li>\n<li><strong>Lemon Grass:<\/strong>\u00a0aporta un aroma especial, fresco y hace que la m\u00e1scara sea excepcionalmente duradera.<\/li>\n<li><strong>La manteca de karit\u00e9:<\/strong>\u00a0cuida, nutre y da flexibilidad a las pesta\u00f1as.<\/li>\n<li><strong>Las fibras hechas de base biol\u00f3gica del aceite de ricino:<\/strong>\u00a0define tus pesta\u00f1as con una sensaci\u00f3n suave y delicada.<\/li>\n<\/ul>\n<\/li>\n<\/ul>\n<p>BLACKT\u00d5NATURE\u00a0<strong>no contiene siliconas, microplasticos o parabenos<\/strong>. \u00a1Es\u00a0<strong>100% vegana y probada oftalmol\u00f3gicamente<\/strong>!<\/p>\n<h3>C\u00f3mo aplicar BlackToNature\u00a0\u00ae\u00a0m\u00e1scara de pesta\u00f1as con tratamiento<\/h3>\n<p>Aplicar la m\u00e1scara de pesta\u00f1as con tratamiento\u00a0BlackToNature\u00a0\u00ae\u00a0es especialmente sencillo. Tan s\u00f3lo gu\u00ede el cepillo de pesta\u00f1as con ligeros movimientos en zigzag hasta las puntas. Aplicar varias veces, tantas como desee, para obtener el volumen perfecto.<\/p>\n<h3>Beneficios del uso de BLACKTONATURE\u00a0\u00ae\u00a0para las pesta\u00f1as<\/h3>\n<ul>\n<li>\n<ul>\n<li>96 % ingredientes naturales.<\/li>\n<li>100% vegana.<\/li>\n<li>Sin parabenos, sin silicona, sin hormonas, ni micropl\u00e1sticos, sin derivados del petr\u00f3leo.<\/li>\n<li>Ingredientes naturales de agricultura ecol\u00f3gica, aceites esenciales y vitamina E.<\/li>\n<li>Estimula los fol\u00edculos pilosos y aumenta la densidad y la longitud de las pesta\u00f1as.<\/li>\n<li>Cuida, nutre y da flexibilidad a las pesta\u00f1as.<\/li>\n<li>La forma del pincel proporciona rizo y volumen para pesta\u00f1as peque\u00f1as, finas o largas.<\/li>\n<li>No deja manchas<\/li>\n<li>Oftalmol\u00f3gicamente probado; no testado en animales y cruelty-free.<\/li>\n<li>Maquilla al mismo tiempo que protege, dando calidad y flexibilidad a la pesta\u00f1a.<\/li>\n<\/ul>\n<\/li>\n<\/ul>\n","protected":false},"excerpt":{"rendered":"<p><strong>BlackToNature<\/strong><strong>\u00ae\u00a0de Tolure Cosmetics<\/strong>\u00a0es una\u00a0<strong>m\u00e1<\/strong><strong>scara de volumen con tratamiento para las pesta\u00f1<\/strong><strong>as.<\/strong>\u00a0Este revolucionario producto es 100% vegano y contiene una fragancia fresca, ingredientes naturales y aceites esenciales. Consigue unas pesta\u00f1as perfectamente separadas y con un volumen m\u00e1ximo con\u00a0<strong>BlackToNature\u00ae.<\/strong><\/p>\n","protected":false},"featured_media":2580,"comment_status":"closed","ping_status":"closed","template":"","meta":{"_joinchat":[]},"product_cat":[20],"product_tag":[],"class_list":["post-1804","product","type-product","status-publish","has-post-thumbnail","hentry","product_cat-tolure-cosmetics","product-grid-view"],"yoast_head":"<!-- This site is optimized with the Yoast SEO plugin v20.0 - https:\/\/yoast.com\/wordpress\/plugins\/seo\/ -->\n<title>00110 M\u00e1scara de Pesta\u00f1as con Tratamiento BlackToNature - BeStetic Selection<\/title>\n<meta name=\"robots\" content=\"noindex, follow\" \/>\n<meta property=\"og:locale\" content=\"es_ES\" \/>\n<meta property=\"og:type\" content=\"article\" \/>\n<meta property=\"og:title\" content=\"00110 M\u00e1scara de Pesta\u00f1as con Tratamiento BlackToNature - BeStetic Selection\" \/>\n<meta property=\"og:description\" content=\"BlackToNature\u00ae\u00a0de Tolure Cosmetics\u00a0es una\u00a0m\u00e1scara de volumen con tratamiento para las pesta\u00f1as.\u00a0Este revolucionario producto es 100% vegano y contiene una fragancia fresca, ingredientes naturales y aceites esenciales. Consigue unas pesta\u00f1as perfectamente separadas y con un volumen m\u00e1ximo con\u00a0BlackToNature\u00ae.\" \/>\n<meta property=\"og:url\" content=\"https:\/\/besteticselection.com\/particulares\/producto\/00110-mascara-de-pestanas-blacktonature\/\" \/>\n<meta property=\"og:site_name\" content=\"BeStetic Selection\" \/>\n<meta property=\"article:modified_time\" content=\"2025-11-30T16:02:41+00:00\" \/>\n<meta property=\"og:image\" content=\"https:\/\/besteticselection.com\/particulares\/wp-content\/uploads\/2021\/07\/Mascara-con-tratamiento-BlackToNature-Tolure-Cosmetics-Face-Angel.jpg\" \/>\n\t<meta property=\"og:image:width\" content=\"700\" \/>\n\t<meta property=\"og:image:height\" content=\"700\" \/>\n\t<meta property=\"og:image:type\" content=\"image\/jpeg\" \/>\n<meta name=\"twitter:card\" content=\"summary_large_image\" \/>\n<meta name=\"twitter:label1\" content=\"Tiempo de lectura\" \/>\n\t<meta name=\"twitter:data1\" content=\"2 minutos\" \/>\n<script type=\"application\/ld+json\" class=\"yoast-schema-graph\">{\"@context\":\"https:\/\/schema.org\",\"@graph\":[{\"@type\":\"WebPage\",\"@id\":\"https:\/\/besteticselection.com\/particulares\/producto\/00110-mascara-de-pestanas-blacktonature\/\",\"url\":\"https:\/\/besteticselection.com\/particulares\/producto\/00110-mascara-de-pestanas-blacktonature\/\",\"name\":\"00110 M\u00e1scara de Pesta\u00f1as con Tratamiento BlackToNature - BeStetic Selection\",\"isPartOf\":{\"@id\":\"https:\/\/besteticselection.com\/particulares\/#website\"},\"datePublished\":\"2021-07-12T18:59:41+00:00\",\"dateModified\":\"2025-11-30T16:02:41+00:00\",\"breadcrumb\":{\"@id\":\"https:\/\/besteticselection.com\/particulares\/producto\/00110-mascara-de-pestanas-blacktonature\/#breadcrumb\"},\"inLanguage\":\"es\",\"potentialAction\":[{\"@type\":\"ReadAction\",\"target\":[\"https:\/\/besteticselection.com\/particulares\/producto\/00110-mascara-de-pestanas-blacktonature\/\"]}]},{\"@type\":\"BreadcrumbList\",\"@id\":\"https:\/\/besteticselection.com\/particulares\/producto\/00110-mascara-de-pestanas-blacktonature\/#breadcrumb\",\"itemListElement\":[{\"@type\":\"ListItem\",\"position\":1,\"name\":\"TIENDA ONLINE\",\"item\":\"https:\/\/besteticselection.com\/particulares\/\"},{\"@type\":\"ListItem\",\"position\":2,\"name\":\"00110 M\u00e1scara de Pesta\u00f1as con Tratamiento BlackToNature\"}]},{\"@type\":\"WebSite\",\"@id\":\"https:\/\/besteticselection.com\/particulares\/#website\",\"url\":\"https:\/\/besteticselection.com\/particulares\/\",\"name\":\"BeStetic Selection\",\"description\":\"BeStetic Selection\",\"potentialAction\":[{\"@type\":\"SearchAction\",\"target\":{\"@type\":\"EntryPoint\",\"urlTemplate\":\"https:\/\/besteticselection.com\/particulares\/?s={search_term_string}\"},\"query-input\":\"required name=search_term_string\"}],\"inLanguage\":\"es\"}]}<\/script>\n<!-- \/ Yoast SEO plugin. -->","yoast_head_json":{"title":"00110 M\u00e1scara de Pesta\u00f1as con Tratamiento BlackToNature - BeStetic Selection","robots":{"index":"noindex","follow":"follow"},"og_locale":"es_ES","og_type":"article","og_title":"00110 M\u00e1scara de Pesta\u00f1as con Tratamiento BlackToNature - BeStetic Selection","og_description":"BlackToNature\u00ae\u00a0de Tolure Cosmetics\u00a0es una\u00a0m\u00e1scara de volumen con tratamiento para las pesta\u00f1as.\u00a0Este revolucionario producto es 100% vegano y contiene una fragancia fresca, ingredientes naturales y aceites esenciales. Consigue unas pesta\u00f1as perfectamente separadas y con un volumen m\u00e1ximo con\u00a0BlackToNature\u00ae.","og_url":"https:\/\/besteticselection.com\/particulares\/producto\/00110-mascara-de-pestanas-blacktonature\/","og_site_name":"BeStetic Selection","article_modified_time":"2025-11-30T16:02:41+00:00","og_image":[{"width":700,"height":700,"url":"https:\/\/besteticselection.com\/particulares\/wp-content\/uploads\/2021\/07\/Mascara-con-tratamiento-BlackToNature-Tolure-Cosmetics-Face-Angel.jpg","type":"image\/jpeg"}],"twitter_card":"summary_large_image","twitter_misc":{"Tiempo de lectura":"2 minutos"},"schema":{"@context":"https:\/\/schema.org","@graph":[{"@type":"WebPage","@id":"https:\/\/besteticselection.com\/particulares\/producto\/00110-mascara-de-pestanas-blacktonature\/","url":"https:\/\/besteticselection.com\/particulares\/producto\/00110-mascara-de-pestanas-blacktonature\/","name":"00110 M\u00e1scara de Pesta\u00f1as con Tratamiento BlackToNature - BeStetic Selection","isPartOf":{"@id":"https:\/\/besteticselection.com\/particulares\/#website"},"datePublished":"2021-07-12T18:59:41+00:00","dateModified":"2025-11-30T16:02:41+00:00","breadcrumb":{"@id":"https:\/\/besteticselection.com\/particulares\/producto\/00110-mascara-de-pestanas-blacktonature\/#breadcrumb"},"inLanguage":"es","potentialAction":[{"@type":"ReadAction","target":["https:\/\/besteticselection.com\/particulares\/producto\/00110-mascara-de-pestanas-blacktonature\/"]}]},{"@type":"BreadcrumbList","@id":"https:\/\/besteticselection.com\/particulares\/producto\/00110-mascara-de-pestanas-blacktonature\/#breadcrumb","itemListElement":[{"@type":"ListItem","position":1,"name":"TIENDA ONLINE","item":"https:\/\/besteticselection.com\/particulares\/"},{"@type":"ListItem","position":2,"name":"00110 M\u00e1scara de Pesta\u00f1as con Tratamiento BlackToNature"}]},{"@type":"WebSite","@id":"https:\/\/besteticselection.com\/particulares\/#website","url":"https:\/\/besteticselection.com\/particulares\/","name":"BeStetic Selection","description":"BeStetic Selection","potentialAction":[{"@type":"SearchAction","target":{"@type":"EntryPoint","urlTemplate":"https:\/\/besteticselection.com\/particulares\/?s={search_term_string}"},"query-input":"required name=search_term_string"}],"inLanguage":"es"}]}},"_links":{"self":[{"href":"https:\/\/besteticselection.com\/particulares\/wp-json\/wp\/v2\/product\/1804","targetHints":{"allow":["GET"]}}],"collection":[{"href":"https:\/\/besteticselection.com\/particulares\/wp-json\/wp\/v2\/product"}],"about":[{"href":"https:\/\/besteticselection.com\/particulares\/wp-json\/wp\/v2\/types\/product"}],"replies":[{"embeddable":true,"href":"https:\/\/besteticselection.com\/particulares\/wp-json\/wp\/v2\/comments?post=1804"}],"wp:featuredmedia":[{"embeddable":true,"href":"https:\/\/besteticselection.com\/particulares\/wp-json\/wp\/v2\/media\/2580"}],"wp:attachment":[{"href":"https:\/\/besteticselection.com\/particulares\/wp-json\/wp\/v2\/media?parent=1804"}],"wp:term":[{"taxonomy":"product_cat","embeddable":true,"href":"https:\/\/besteticselection.com\/particulares\/wp-json\/wp\/v2\/product_cat?post=1804"},{"taxonomy":"product_tag","embeddable":true,"href":"https:\/\/besteticselection.com\/particulares\/wp-json\/wp\/v2\/product_tag?post=1804"}],"curies":[{"name":"wp","href":"https:\/\/api.w.org\/{rel}","templated":true}]}}