{"id":1800,"date":"2021-07-11T18:49:08","date_gmt":"2021-07-11T18:49:08","guid":{"rendered":"https:\/\/www.besteticselection.com\/particulares\/?post_type=product&#038;p=1800"},"modified":"2024-11-29T18:27:41","modified_gmt":"2024-11-29T18:27:41","slug":"00106-eyeshine-tolure-crema-de-ojos-reafirmante","status":"publish","type":"product","link":"https:\/\/besteticselection.com\/particulares\/producto\/00106-eyeshine-tolure-crema-de-ojos-reafirmante\/","title":{"rendered":"00106 EYESHINE TOLURE CREMA DE OJOS REAFIRMANTE"},"content":{"rendered":"<p>TOLURE EYESHINE 15ML<\/p>\n<p>Cuidado de los ojos reafirmante, refrescante y de gran eficacia<br \/>\nCombate las peque\u00f1as arrugas, la hinchaz\u00f3n y las ojeras<br \/>\nPreviene arrugas y ojeras debajo de los ojos.<\/p>\n<p>\u00bfQu\u00e9 hace EYESHINE?<\/p>\n<p>Tolure EYESHINE hace brillar tus ojos. Toda mujer conoce hinchaz\u00f3n, arrugas y sombras oscuras. Con Tolure EYESHINE puede contrarrestarlos f\u00e1cilmente sin ninguna intervenci\u00f3n cosm\u00e9tica. Experimente la primera crema que se ha demostrado que aprieta los p\u00e1rpados superiores y eso solo con valiosos ingredientes bioactivos. Estos promueven la elasticidad y resistencia de la piel y hacen brillar sus ojos.<\/p>\n<p>\u00bfC\u00f3mo act\u00faa EYESHINE?<\/p>\n<p>El complejo de ingredientes activos estimula la circulaci\u00f3n sangu\u00ednea y proporciona una sensaci\u00f3n refrescante en el \u00e1rea sensible de los ojos. El mentol que contiene tiene un efecto refrescante y revitalizante. El tocoferol (vitamina E) es un ingrediente activo del antioxidante y del consumo.<\/p>\n<p>El tocoferol (vitamina E) es un antioxidante eficaz e hidrata. Se reducen y previenen las arrugas y la hinchaz\u00f3n. Dos activos naturales, testados en numerosos estudios cl\u00ednicos, son los responsables de esta acci\u00f3n m\u00faltiple de la nueva crema reafirmante EYESHINE: Silk Tree (Albizia julibrissin) y Heavenly Herb (Siegesbeckia orientalis). El \u00e1rbol de la seda, que proviene de Asia, promueve la elasticidad y resistencia de la piel. Pierde su flexibilidad debido a factores de estr\u00e9s externos como la luz solar intensa o factores internos como el consumo de nicotina y alcohol, as\u00ed como una dieta rica en az\u00facar y grasas. Si, por ejemplo, el exceso de mol\u00e9culas de az\u00facar no se puede utilizar para producir energ\u00eda, se adhieren a las prote\u00ednas, las endurecen (glicaci\u00f3n) y as\u00ed evitan que la elastina y el col\u00e1geno del propio cuerpo repare el tejido sensible de la piel. Esto conduce a sombras profundas debajo de los ojos, hinchaz\u00f3n y flacidez, piel arrugada. Las propiedades curativas del \u00e1rbol de la seda contrarrestan este proceso de endurecimiento. El segundo ingrediente activo, la Hierba Celestial, conocida en India como planta medicinal, tiene un efecto curativo y calmante. Protege las c\u00e9lulas de la piel de los peligrosos radicales libres, estimula el sistema de desintoxicaci\u00f3n y fortalece la estructura de la piel.<\/p>\n<p>\u00bfC\u00f3mo se usa EYESHINE?<\/p>\n<p>Gracias al aplicador de metal, que proporciona un enfriamiento adicional, EYESHINE es f\u00e1cil de aplicar a una ligera distancia del ojo. Incluso una peque\u00f1a cantidad es suficiente. Luego masajee EYESHINE m\u00e1s en la delicada piel alrededor de los ojos dando golpecitos suaves. Dos veces al d\u00eda: por la ma\u00f1ana EYESHINE asegura un aspecto fresco y al mismo tiempo proporciona un cuidado ideal para la noche.<\/p>\n","protected":false},"excerpt":{"rendered":"<p>TOLURE EYESHINE 15ML<\/p>\n<p>Cuidado de los ojos reafirmante, refrescante y de gran eficacia<br \/>\nCombate las peque\u00f1as arrugas, la hinchaz\u00f3n y las ojeras<br \/>\nPreviene arrugas y ojeras debajo de los ojos.<\/p>\n<p>&nbsp;<\/p>\n","protected":false},"featured_media":1801,"comment_status":"closed","ping_status":"closed","template":"","meta":{"_joinchat":[]},"product_cat":[20],"product_tag":[],"class_list":["post-1800","product","type-product","status-publish","has-post-thumbnail","hentry","product_cat-tolure-cosmetics","product-grid-view"],"yoast_head":"<!-- This site is optimized with the Yoast SEO plugin v20.0 - https:\/\/yoast.com\/wordpress\/plugins\/seo\/ -->\n<title>00106 EYESHINE TOLURE CREMA DE OJOS REAFIRMANTE - BeStetic Selection<\/title>\n<meta name=\"robots\" content=\"noindex, follow\" \/>\n<meta property=\"og:locale\" content=\"es_ES\" \/>\n<meta property=\"og:type\" content=\"article\" \/>\n<meta property=\"og:title\" content=\"00106 EYESHINE TOLURE CREMA DE OJOS REAFIRMANTE - BeStetic Selection\" \/>\n<meta property=\"og:description\" content=\"TOLURE EYESHINE 15ML  Cuidado de los ojos reafirmante, refrescante y de gran eficacia Combate las peque\u00f1as arrugas, la hinchaz\u00f3n y las ojeras Previene arrugas y ojeras debajo de los ojos.  &nbsp;\" \/>\n<meta property=\"og:url\" content=\"https:\/\/besteticselection.com\/particulares\/producto\/00106-eyeshine-tolure-crema-de-ojos-reafirmante\/\" \/>\n<meta property=\"og:site_name\" content=\"BeStetic Selection\" \/>\n<meta property=\"article:modified_time\" content=\"2024-11-29T18:27:41+00:00\" \/>\n<meta property=\"og:image\" content=\"https:\/\/besteticselection.com\/particulares\/wp-content\/uploads\/2020\/12\/TO-007-EYESHINE-Bild-1-new-button-scaled.jpg\" \/>\n\t<meta property=\"og:image:width\" content=\"2413\" \/>\n\t<meta property=\"og:image:height\" content=\"2560\" \/>\n\t<meta property=\"og:image:type\" content=\"image\/jpeg\" \/>\n<meta name=\"twitter:card\" content=\"summary_large_image\" \/>\n<meta name=\"twitter:label1\" content=\"Tiempo de lectura\" \/>\n\t<meta name=\"twitter:data1\" content=\"2 minutos\" \/>\n<script type=\"application\/ld+json\" class=\"yoast-schema-graph\">{\"@context\":\"https:\/\/schema.org\",\"@graph\":[{\"@type\":\"WebPage\",\"@id\":\"https:\/\/besteticselection.com\/particulares\/producto\/00106-eyeshine-tolure-crema-de-ojos-reafirmante\/\",\"url\":\"https:\/\/besteticselection.com\/particulares\/producto\/00106-eyeshine-tolure-crema-de-ojos-reafirmante\/\",\"name\":\"00106 EYESHINE TOLURE CREMA DE OJOS REAFIRMANTE - BeStetic Selection\",\"isPartOf\":{\"@id\":\"https:\/\/besteticselection.com\/particulares\/#website\"},\"datePublished\":\"2021-07-11T18:49:08+00:00\",\"dateModified\":\"2024-11-29T18:27:41+00:00\",\"breadcrumb\":{\"@id\":\"https:\/\/besteticselection.com\/particulares\/producto\/00106-eyeshine-tolure-crema-de-ojos-reafirmante\/#breadcrumb\"},\"inLanguage\":\"es\",\"potentialAction\":[{\"@type\":\"ReadAction\",\"target\":[\"https:\/\/besteticselection.com\/particulares\/producto\/00106-eyeshine-tolure-crema-de-ojos-reafirmante\/\"]}]},{\"@type\":\"BreadcrumbList\",\"@id\":\"https:\/\/besteticselection.com\/particulares\/producto\/00106-eyeshine-tolure-crema-de-ojos-reafirmante\/#breadcrumb\",\"itemListElement\":[{\"@type\":\"ListItem\",\"position\":1,\"name\":\"TIENDA ONLINE\",\"item\":\"https:\/\/besteticselection.com\/particulares\/\"},{\"@type\":\"ListItem\",\"position\":2,\"name\":\"00106 EYESHINE TOLURE CREMA DE OJOS REAFIRMANTE\"}]},{\"@type\":\"WebSite\",\"@id\":\"https:\/\/besteticselection.com\/particulares\/#website\",\"url\":\"https:\/\/besteticselection.com\/particulares\/\",\"name\":\"BeStetic Selection\",\"description\":\"BeStetic Selection\",\"potentialAction\":[{\"@type\":\"SearchAction\",\"target\":{\"@type\":\"EntryPoint\",\"urlTemplate\":\"https:\/\/besteticselection.com\/particulares\/?s={search_term_string}\"},\"query-input\":\"required name=search_term_string\"}],\"inLanguage\":\"es\"}]}<\/script>\n<!-- \/ Yoast SEO plugin. -->","yoast_head_json":{"title":"00106 EYESHINE TOLURE CREMA DE OJOS REAFIRMANTE - BeStetic Selection","robots":{"index":"noindex","follow":"follow"},"og_locale":"es_ES","og_type":"article","og_title":"00106 EYESHINE TOLURE CREMA DE OJOS REAFIRMANTE - BeStetic Selection","og_description":"TOLURE EYESHINE 15ML  Cuidado de los ojos reafirmante, refrescante y de gran eficacia Combate las peque\u00f1as arrugas, la hinchaz\u00f3n y las ojeras Previene arrugas y ojeras debajo de los ojos.  &nbsp;","og_url":"https:\/\/besteticselection.com\/particulares\/producto\/00106-eyeshine-tolure-crema-de-ojos-reafirmante\/","og_site_name":"BeStetic Selection","article_modified_time":"2024-11-29T18:27:41+00:00","og_image":[{"width":2413,"height":2560,"url":"https:\/\/besteticselection.com\/particulares\/wp-content\/uploads\/2020\/12\/TO-007-EYESHINE-Bild-1-new-button-scaled.jpg","type":"image\/jpeg"}],"twitter_card":"summary_large_image","twitter_misc":{"Tiempo de lectura":"2 minutos"},"schema":{"@context":"https:\/\/schema.org","@graph":[{"@type":"WebPage","@id":"https:\/\/besteticselection.com\/particulares\/producto\/00106-eyeshine-tolure-crema-de-ojos-reafirmante\/","url":"https:\/\/besteticselection.com\/particulares\/producto\/00106-eyeshine-tolure-crema-de-ojos-reafirmante\/","name":"00106 EYESHINE TOLURE CREMA DE OJOS REAFIRMANTE - BeStetic Selection","isPartOf":{"@id":"https:\/\/besteticselection.com\/particulares\/#website"},"datePublished":"2021-07-11T18:49:08+00:00","dateModified":"2024-11-29T18:27:41+00:00","breadcrumb":{"@id":"https:\/\/besteticselection.com\/particulares\/producto\/00106-eyeshine-tolure-crema-de-ojos-reafirmante\/#breadcrumb"},"inLanguage":"es","potentialAction":[{"@type":"ReadAction","target":["https:\/\/besteticselection.com\/particulares\/producto\/00106-eyeshine-tolure-crema-de-ojos-reafirmante\/"]}]},{"@type":"BreadcrumbList","@id":"https:\/\/besteticselection.com\/particulares\/producto\/00106-eyeshine-tolure-crema-de-ojos-reafirmante\/#breadcrumb","itemListElement":[{"@type":"ListItem","position":1,"name":"TIENDA ONLINE","item":"https:\/\/besteticselection.com\/particulares\/"},{"@type":"ListItem","position":2,"name":"00106 EYESHINE TOLURE CREMA DE OJOS REAFIRMANTE"}]},{"@type":"WebSite","@id":"https:\/\/besteticselection.com\/particulares\/#website","url":"https:\/\/besteticselection.com\/particulares\/","name":"BeStetic Selection","description":"BeStetic Selection","potentialAction":[{"@type":"SearchAction","target":{"@type":"EntryPoint","urlTemplate":"https:\/\/besteticselection.com\/particulares\/?s={search_term_string}"},"query-input":"required name=search_term_string"}],"inLanguage":"es"}]}},"_links":{"self":[{"href":"https:\/\/besteticselection.com\/particulares\/wp-json\/wp\/v2\/product\/1800","targetHints":{"allow":["GET"]}}],"collection":[{"href":"https:\/\/besteticselection.com\/particulares\/wp-json\/wp\/v2\/product"}],"about":[{"href":"https:\/\/besteticselection.com\/particulares\/wp-json\/wp\/v2\/types\/product"}],"replies":[{"embeddable":true,"href":"https:\/\/besteticselection.com\/particulares\/wp-json\/wp\/v2\/comments?post=1800"}],"wp:featuredmedia":[{"embeddable":true,"href":"https:\/\/besteticselection.com\/particulares\/wp-json\/wp\/v2\/media\/1801"}],"wp:attachment":[{"href":"https:\/\/besteticselection.com\/particulares\/wp-json\/wp\/v2\/media?parent=1800"}],"wp:term":[{"taxonomy":"product_cat","embeddable":true,"href":"https:\/\/besteticselection.com\/particulares\/wp-json\/wp\/v2\/product_cat?post=1800"},{"taxonomy":"product_tag","embeddable":true,"href":"https:\/\/besteticselection.com\/particulares\/wp-json\/wp\/v2\/product_tag?post=1800"}],"curies":[{"name":"wp","href":"https:\/\/api.w.org\/{rel}","templated":true}]}}