{"id":1792,"date":"2020-12-13T18:30:41","date_gmt":"2020-12-13T18:30:41","guid":{"rendered":"https:\/\/www.besteticselection.com\/particulares\/?post_type=product&#038;p=1792"},"modified":"2023-11-27T16:53:20","modified_gmt":"2023-11-27T16:53:20","slug":"00104-lipboost-tolure-labios-transparente","status":"publish","type":"product","link":"https:\/\/besteticselection.com\/particulares\/producto\/00104-lipboost-tolure-labios-transparente\/","title":{"rendered":"00104 LIPBOOST TOLURE LABIOS TRANSPARENTE"},"content":{"rendered":"<p>LIPBOOST\u00ae Clear Nueva formulaci\u00f3n<\/p>\n<p>Brillo labial reluciente que aumenta el volumen de los labios<br \/>\nSuaviza las l\u00edneas de expresi\u00f3n y cuida la delicada piel de los labios.<br \/>\nHidratante y tonificante<\/p>\n<p>\u00bfPor qu\u00e9 utilizar LIPBOOST\u00ae clear?<\/p>\n<p>Con su f\u00f3rmula especial, Tolure LIPBOOST\u00ae clear proporciona una sensaci\u00f3n real en los labios. Despu\u00e9s de unas pocas aplicaciones, los labios lucen m\u00e1s expresivos y voluminizados. Las l\u00edneas finas se suavizan. Con una estructura m\u00e1s firme y m\u00e1s elasticidad, los labios se ven m\u00e1s llenos y vivos. Tolure LIPBOOST\u00ae clear ofrece el cuidado ideal para la piel sensible de los labios y proporciona hidrataci\u00f3n.<\/p>\n<p>\u00bfC\u00f3mo funciona LIPBOOST\u00ae clear?<\/p>\n<p>\u00a1La f\u00f3rmula perfecta para unos labios perfectos!<\/p>\n<p>El linefill contenido en Tolure LIPBOOST\u00ae clear aumenta la capacidad de almacenamiento de grasa y la s\u00edntesis de grasa en los labios, rellenando as\u00ed las arrugas m\u00e1s peque\u00f1as alrededor de los labios y aumentando el volumen de los labios.<\/p>\n<p>Fescolat ML tiene un efecto refrescante y junto con el mentol que contiene, tiene un efecto tonificante y refrescante a la vez, haciendo que los labios parezcan m\u00e1s llenos y definidos.<\/p>\n<p>El tocoferol (vitamina E) es un antioxidante eficaz que brinda protecci\u00f3n contra los radicales libres, hidrata y mejora la calidad de la piel. Tolure LIPBOOST\u00ae clear es una nueva generaci\u00f3n de cuidado de los labios. El extracto de ginkgo, el extracto de ginseng y el extracto de vainilla completan el cuidado suave y proporcionan una fragancia agradable y delicada.<\/p>\n<p>\u00bfC\u00f3mo utilizo LIPBOOST\u00ae clear?<\/p>\n<p>Con el uso regular se aumenta el volumen de los labios. LIPBOOST\u00ae clear brinda una apariencia fina y brillante y se puede aplicar individualmente o sobre el l\u00e1piz labial.<\/p>\n","protected":false},"excerpt":{"rendered":"<p>LIPBOOST\u00ae Clear Nueva formulaci\u00f3n<\/p>\n<p>Brillo labial reluciente que aumenta el volumen de los labios<br \/>\nSuaviza las l\u00edneas de expresi\u00f3n y cuida la delicada piel de los labios.<br \/>\nHidratante y tonificante.<\/p>\n<p>&nbsp;<\/p>\n","protected":false},"featured_media":1793,"comment_status":"closed","ping_status":"closed","template":"","meta":{"_joinchat":[]},"product_cat":[20],"product_tag":[],"class_list":["post-1792","product","type-product","status-publish","has-post-thumbnail","hentry","product_cat-tolure-cosmetics","product-grid-view"],"yoast_head":"<!-- This site is optimized with the Yoast SEO plugin v20.0 - https:\/\/yoast.com\/wordpress\/plugins\/seo\/ -->\n<title>00104 LIPBOOST TOLURE LABIOS TRANSPARENTE - BeStetic Selection<\/title>\n<meta name=\"robots\" content=\"noindex, follow\" \/>\n<meta property=\"og:locale\" content=\"es_ES\" \/>\n<meta property=\"og:type\" content=\"article\" \/>\n<meta property=\"og:title\" content=\"00104 LIPBOOST TOLURE LABIOS TRANSPARENTE - BeStetic Selection\" \/>\n<meta property=\"og:description\" content=\"LIPBOOST\u00ae Clear Nueva formulaci\u00f3n  Brillo labial reluciente que aumenta el volumen de los labios Suaviza las l\u00edneas de expresi\u00f3n y cuida la delicada piel de los labios. Hidratante y tonificante.  &nbsp;\" \/>\n<meta property=\"og:url\" content=\"https:\/\/besteticselection.com\/particulares\/producto\/00104-lipboost-tolure-labios-transparente\/\" \/>\n<meta property=\"og:site_name\" content=\"BeStetic Selection\" \/>\n<meta property=\"article:modified_time\" content=\"2023-11-27T16:53:20+00:00\" \/>\n<meta property=\"og:image\" content=\"https:\/\/besteticselection.com\/particulares\/wp-content\/uploads\/2020\/12\/Lipboost-CLEAR-New-Formulation-scaled.jpg\" \/>\n\t<meta property=\"og:image:width\" content=\"2411\" \/>\n\t<meta property=\"og:image:height\" content=\"2560\" \/>\n\t<meta property=\"og:image:type\" content=\"image\/jpeg\" \/>\n<meta name=\"twitter:card\" content=\"summary_large_image\" \/>\n<meta name=\"twitter:label1\" content=\"Tiempo de lectura\" \/>\n\t<meta name=\"twitter:data1\" content=\"1 minuto\" \/>\n<script type=\"application\/ld+json\" class=\"yoast-schema-graph\">{\"@context\":\"https:\/\/schema.org\",\"@graph\":[{\"@type\":\"WebPage\",\"@id\":\"https:\/\/besteticselection.com\/particulares\/producto\/00104-lipboost-tolure-labios-transparente\/\",\"url\":\"https:\/\/besteticselection.com\/particulares\/producto\/00104-lipboost-tolure-labios-transparente\/\",\"name\":\"00104 LIPBOOST TOLURE LABIOS TRANSPARENTE - BeStetic Selection\",\"isPartOf\":{\"@id\":\"https:\/\/besteticselection.com\/particulares\/#website\"},\"datePublished\":\"2020-12-13T18:30:41+00:00\",\"dateModified\":\"2023-11-27T16:53:20+00:00\",\"breadcrumb\":{\"@id\":\"https:\/\/besteticselection.com\/particulares\/producto\/00104-lipboost-tolure-labios-transparente\/#breadcrumb\"},\"inLanguage\":\"es\",\"potentialAction\":[{\"@type\":\"ReadAction\",\"target\":[\"https:\/\/besteticselection.com\/particulares\/producto\/00104-lipboost-tolure-labios-transparente\/\"]}]},{\"@type\":\"BreadcrumbList\",\"@id\":\"https:\/\/besteticselection.com\/particulares\/producto\/00104-lipboost-tolure-labios-transparente\/#breadcrumb\",\"itemListElement\":[{\"@type\":\"ListItem\",\"position\":1,\"name\":\"TIENDA ONLINE\",\"item\":\"https:\/\/besteticselection.com\/particulares\/\"},{\"@type\":\"ListItem\",\"position\":2,\"name\":\"00104 LIPBOOST TOLURE LABIOS TRANSPARENTE\"}]},{\"@type\":\"WebSite\",\"@id\":\"https:\/\/besteticselection.com\/particulares\/#website\",\"url\":\"https:\/\/besteticselection.com\/particulares\/\",\"name\":\"BeStetic Selection\",\"description\":\"BeStetic Selection\",\"potentialAction\":[{\"@type\":\"SearchAction\",\"target\":{\"@type\":\"EntryPoint\",\"urlTemplate\":\"https:\/\/besteticselection.com\/particulares\/?s={search_term_string}\"},\"query-input\":\"required name=search_term_string\"}],\"inLanguage\":\"es\"}]}<\/script>\n<!-- \/ Yoast SEO plugin. -->","yoast_head_json":{"title":"00104 LIPBOOST TOLURE LABIOS TRANSPARENTE - BeStetic Selection","robots":{"index":"noindex","follow":"follow"},"og_locale":"es_ES","og_type":"article","og_title":"00104 LIPBOOST TOLURE LABIOS TRANSPARENTE - BeStetic Selection","og_description":"LIPBOOST\u00ae Clear Nueva formulaci\u00f3n  Brillo labial reluciente que aumenta el volumen de los labios Suaviza las l\u00edneas de expresi\u00f3n y cuida la delicada piel de los labios. Hidratante y tonificante.  &nbsp;","og_url":"https:\/\/besteticselection.com\/particulares\/producto\/00104-lipboost-tolure-labios-transparente\/","og_site_name":"BeStetic Selection","article_modified_time":"2023-11-27T16:53:20+00:00","og_image":[{"width":2411,"height":2560,"url":"https:\/\/besteticselection.com\/particulares\/wp-content\/uploads\/2020\/12\/Lipboost-CLEAR-New-Formulation-scaled.jpg","type":"image\/jpeg"}],"twitter_card":"summary_large_image","twitter_misc":{"Tiempo de lectura":"1 minuto"},"schema":{"@context":"https:\/\/schema.org","@graph":[{"@type":"WebPage","@id":"https:\/\/besteticselection.com\/particulares\/producto\/00104-lipboost-tolure-labios-transparente\/","url":"https:\/\/besteticselection.com\/particulares\/producto\/00104-lipboost-tolure-labios-transparente\/","name":"00104 LIPBOOST TOLURE LABIOS TRANSPARENTE - BeStetic Selection","isPartOf":{"@id":"https:\/\/besteticselection.com\/particulares\/#website"},"datePublished":"2020-12-13T18:30:41+00:00","dateModified":"2023-11-27T16:53:20+00:00","breadcrumb":{"@id":"https:\/\/besteticselection.com\/particulares\/producto\/00104-lipboost-tolure-labios-transparente\/#breadcrumb"},"inLanguage":"es","potentialAction":[{"@type":"ReadAction","target":["https:\/\/besteticselection.com\/particulares\/producto\/00104-lipboost-tolure-labios-transparente\/"]}]},{"@type":"BreadcrumbList","@id":"https:\/\/besteticselection.com\/particulares\/producto\/00104-lipboost-tolure-labios-transparente\/#breadcrumb","itemListElement":[{"@type":"ListItem","position":1,"name":"TIENDA ONLINE","item":"https:\/\/besteticselection.com\/particulares\/"},{"@type":"ListItem","position":2,"name":"00104 LIPBOOST TOLURE LABIOS TRANSPARENTE"}]},{"@type":"WebSite","@id":"https:\/\/besteticselection.com\/particulares\/#website","url":"https:\/\/besteticselection.com\/particulares\/","name":"BeStetic Selection","description":"BeStetic Selection","potentialAction":[{"@type":"SearchAction","target":{"@type":"EntryPoint","urlTemplate":"https:\/\/besteticselection.com\/particulares\/?s={search_term_string}"},"query-input":"required name=search_term_string"}],"inLanguage":"es"}]}},"_links":{"self":[{"href":"https:\/\/besteticselection.com\/particulares\/wp-json\/wp\/v2\/product\/1792","targetHints":{"allow":["GET"]}}],"collection":[{"href":"https:\/\/besteticselection.com\/particulares\/wp-json\/wp\/v2\/product"}],"about":[{"href":"https:\/\/besteticselection.com\/particulares\/wp-json\/wp\/v2\/types\/product"}],"replies":[{"embeddable":true,"href":"https:\/\/besteticselection.com\/particulares\/wp-json\/wp\/v2\/comments?post=1792"}],"wp:featuredmedia":[{"embeddable":true,"href":"https:\/\/besteticselection.com\/particulares\/wp-json\/wp\/v2\/media\/1793"}],"wp:attachment":[{"href":"https:\/\/besteticselection.com\/particulares\/wp-json\/wp\/v2\/media?parent=1792"}],"wp:term":[{"taxonomy":"product_cat","embeddable":true,"href":"https:\/\/besteticselection.com\/particulares\/wp-json\/wp\/v2\/product_cat?post=1792"},{"taxonomy":"product_tag","embeddable":true,"href":"https:\/\/besteticselection.com\/particulares\/wp-json\/wp\/v2\/product_tag?post=1792"}],"curies":[{"name":"wp","href":"https:\/\/api.w.org\/{rel}","templated":true}]}}