{"id":1790,"date":"2020-12-13T18:23:57","date_gmt":"2020-12-13T18:23:57","guid":{"rendered":"https:\/\/www.besteticselection.com\/particulares\/?post_type=product&#038;p=1790"},"modified":"2023-11-27T16:53:20","modified_gmt":"2023-11-27T16:53:20","slug":"00103-lipscrub-tolure-labios","status":"publish","type":"product","link":"https:\/\/besteticselection.com\/particulares\/producto\/00103-lipscrub-tolure-labios\/","title":{"rendered":"00103 LIPSCRUB TOLURE LABIOS"},"content":{"rendered":"<p>Tolure Lipscrub\u00ae Mango 15g<\/p>\n<p>Exfoliaci\u00f3n de labios hidratante a base de az\u00facar con efecto nutritivo, alivia los labios de las c\u00e9lulas muertas de la piel, estimula la circulaci\u00f3n sangu\u00ednea, hace que los labios sean suaves, flexibles y sedosos, nutre con aceite de jojoba y proporciona una protecci\u00f3n duradera contra la p\u00e9rdida de agua sin ser graso.<\/p>\n<p>\u00bfPor qu\u00e9 utilizar LIPSCRUB\u00ae?<br \/>\nLIPSCRUB\u00ae es un exfoliante de az\u00facar humectante que elimina suavemente las c\u00e9lulas muertas de la piel de los labios y estimula agradablemente la circulaci\u00f3n sangu\u00ednea de la piel. Gracias a los ricos ingredientes, tus labios se vuelven suaves, flexibles y sedosos. \u00a1LIPSCRUB\u00ae tambi\u00e9n es una preparaci\u00f3n ideal para la aplicaci\u00f3n de LIPBOOST\u00ae!<\/p>\n<p>\u00bfC\u00f3mo act\u00faa LIPSCRUB\u00ae?<br \/>\nLos aceites vegetales y las ceras que contienen tienen un efecto suavizante, hidratante y nutritivo sobre la delicada piel de los labios.<br \/>\nEl aceite de jojoba contenido en el producto es particularmente adecuado para pieles secas debido a sus propiedades de retenci\u00f3n de humedad. Debido a su estructura espec\u00edfica, el aceite de jojoba protege la capa c\u00f3rnea de forma fiable y duradera contra la p\u00e9rdida de agua sin tener un efecto h\u00e1pticamente engrasante.<br \/>\nOtro ingrediente valioso es el aceite de girasol, que es un aceite ligero y de suave cuidado debido a su alto contenido de \u00e1cido linoleico y su bajo contenido de \u00e1cidos grasos saturados. La cera de abejas tambi\u00e9n forma una pel\u00edcula protectora delicada y envolvente que es particularmente beneficiosa para la piel de los labios irritada y quebradiza. La manteca de cacao calma la piel y crea una maravillosa sensaci\u00f3n aterciopelada. Debido a la amplia gama de ingredientes, LIPSCRUB\u00ae regula el contenido de humedad de la piel y tiene un efecto calmante y suavizante. El producto se considera extremadamente bien tolerado.<\/p>\n<p>\u00bfC\u00f3mo utilizo LIPSCRUB\u00ae?<br \/>\nSimplemente aplique el exfoliante de az\u00facar con movimientos circulares sobre los labios ligeramente humedecidos. Elimine los residuos con una toallita o un pa\u00f1o h\u00famedo.<\/p>\n","protected":false},"excerpt":{"rendered":"<p>Tolure Lipscrub\u00ae Mango 15g<\/p>\n<p>Exfoliaci\u00f3n de labios hidratante a base de az\u00facar con efecto nutritivo, alivia los labios de las c\u00e9lulas muertas de la piel, estimula la circulaci\u00f3n sangu\u00ednea, hace que los labios sean suaves, flexibles y sedosos, nutre con aceite de jojoba y proporciona una protecci\u00f3n duradera contra la p\u00e9rdida de agua sin ser graso.<\/p>\n","protected":false},"featured_media":1791,"comment_status":"closed","ping_status":"closed","template":"","meta":{"_joinchat":[]},"product_cat":[20],"product_tag":[],"class_list":["post-1790","product","type-product","status-publish","has-post-thumbnail","hentry","product_cat-tolure-cosmetics","product-grid-view"],"yoast_head":"<!-- This site is optimized with the Yoast SEO plugin v20.0 - https:\/\/yoast.com\/wordpress\/plugins\/seo\/ -->\n<title>00103 LIPSCRUB TOLURE LABIOS - BeStetic Selection<\/title>\n<meta name=\"robots\" content=\"noindex, follow\" \/>\n<meta property=\"og:locale\" content=\"es_ES\" \/>\n<meta property=\"og:type\" content=\"article\" \/>\n<meta property=\"og:title\" content=\"00103 LIPSCRUB TOLURE LABIOS - BeStetic Selection\" \/>\n<meta property=\"og:description\" content=\"Tolure Lipscrub\u00ae Mango 15g  Exfoliaci\u00f3n de labios hidratante a base de az\u00facar con efecto nutritivo, alivia los labios de las c\u00e9lulas muertas de la piel, estimula la circulaci\u00f3n sangu\u00ednea, hace que los labios sean suaves, flexibles y sedosos, nutre con aceite de jojoba y proporciona una protecci\u00f3n duradera contra la p\u00e9rdida de agua sin ser graso.\" \/>\n<meta property=\"og:url\" content=\"https:\/\/besteticselection.com\/particulares\/producto\/00103-lipscrub-tolure-labios\/\" \/>\n<meta property=\"og:site_name\" content=\"BeStetic Selection\" \/>\n<meta property=\"article:modified_time\" content=\"2023-11-27T16:53:20+00:00\" \/>\n<meta property=\"og:image\" content=\"https:\/\/besteticselection.com\/particulares\/wp-content\/uploads\/2020\/12\/TO-006-Lipscrub-Bild-4-scaled.jpg\" \/>\n\t<meta property=\"og:image:width\" content=\"2560\" \/>\n\t<meta property=\"og:image:height\" content=\"2177\" \/>\n\t<meta property=\"og:image:type\" content=\"image\/jpeg\" \/>\n<meta name=\"twitter:card\" content=\"summary_large_image\" \/>\n<meta name=\"twitter:label1\" content=\"Tiempo de lectura\" \/>\n\t<meta name=\"twitter:data1\" content=\"2 minutos\" \/>\n<script type=\"application\/ld+json\" class=\"yoast-schema-graph\">{\"@context\":\"https:\/\/schema.org\",\"@graph\":[{\"@type\":\"WebPage\",\"@id\":\"https:\/\/besteticselection.com\/particulares\/producto\/00103-lipscrub-tolure-labios\/\",\"url\":\"https:\/\/besteticselection.com\/particulares\/producto\/00103-lipscrub-tolure-labios\/\",\"name\":\"00103 LIPSCRUB TOLURE LABIOS - BeStetic Selection\",\"isPartOf\":{\"@id\":\"https:\/\/besteticselection.com\/particulares\/#website\"},\"datePublished\":\"2020-12-13T18:23:57+00:00\",\"dateModified\":\"2023-11-27T16:53:20+00:00\",\"breadcrumb\":{\"@id\":\"https:\/\/besteticselection.com\/particulares\/producto\/00103-lipscrub-tolure-labios\/#breadcrumb\"},\"inLanguage\":\"es\",\"potentialAction\":[{\"@type\":\"ReadAction\",\"target\":[\"https:\/\/besteticselection.com\/particulares\/producto\/00103-lipscrub-tolure-labios\/\"]}]},{\"@type\":\"BreadcrumbList\",\"@id\":\"https:\/\/besteticselection.com\/particulares\/producto\/00103-lipscrub-tolure-labios\/#breadcrumb\",\"itemListElement\":[{\"@type\":\"ListItem\",\"position\":1,\"name\":\"TIENDA ONLINE\",\"item\":\"https:\/\/besteticselection.com\/particulares\/\"},{\"@type\":\"ListItem\",\"position\":2,\"name\":\"00103 LIPSCRUB TOLURE LABIOS\"}]},{\"@type\":\"WebSite\",\"@id\":\"https:\/\/besteticselection.com\/particulares\/#website\",\"url\":\"https:\/\/besteticselection.com\/particulares\/\",\"name\":\"BeStetic Selection\",\"description\":\"BeStetic Selection\",\"potentialAction\":[{\"@type\":\"SearchAction\",\"target\":{\"@type\":\"EntryPoint\",\"urlTemplate\":\"https:\/\/besteticselection.com\/particulares\/?s={search_term_string}\"},\"query-input\":\"required name=search_term_string\"}],\"inLanguage\":\"es\"}]}<\/script>\n<!-- \/ Yoast SEO plugin. -->","yoast_head_json":{"title":"00103 LIPSCRUB TOLURE LABIOS - BeStetic Selection","robots":{"index":"noindex","follow":"follow"},"og_locale":"es_ES","og_type":"article","og_title":"00103 LIPSCRUB TOLURE LABIOS - BeStetic Selection","og_description":"Tolure Lipscrub\u00ae Mango 15g  Exfoliaci\u00f3n de labios hidratante a base de az\u00facar con efecto nutritivo, alivia los labios de las c\u00e9lulas muertas de la piel, estimula la circulaci\u00f3n sangu\u00ednea, hace que los labios sean suaves, flexibles y sedosos, nutre con aceite de jojoba y proporciona una protecci\u00f3n duradera contra la p\u00e9rdida de agua sin ser graso.","og_url":"https:\/\/besteticselection.com\/particulares\/producto\/00103-lipscrub-tolure-labios\/","og_site_name":"BeStetic Selection","article_modified_time":"2023-11-27T16:53:20+00:00","og_image":[{"width":2560,"height":2177,"url":"https:\/\/besteticselection.com\/particulares\/wp-content\/uploads\/2020\/12\/TO-006-Lipscrub-Bild-4-scaled.jpg","type":"image\/jpeg"}],"twitter_card":"summary_large_image","twitter_misc":{"Tiempo de lectura":"2 minutos"},"schema":{"@context":"https:\/\/schema.org","@graph":[{"@type":"WebPage","@id":"https:\/\/besteticselection.com\/particulares\/producto\/00103-lipscrub-tolure-labios\/","url":"https:\/\/besteticselection.com\/particulares\/producto\/00103-lipscrub-tolure-labios\/","name":"00103 LIPSCRUB TOLURE LABIOS - BeStetic Selection","isPartOf":{"@id":"https:\/\/besteticselection.com\/particulares\/#website"},"datePublished":"2020-12-13T18:23:57+00:00","dateModified":"2023-11-27T16:53:20+00:00","breadcrumb":{"@id":"https:\/\/besteticselection.com\/particulares\/producto\/00103-lipscrub-tolure-labios\/#breadcrumb"},"inLanguage":"es","potentialAction":[{"@type":"ReadAction","target":["https:\/\/besteticselection.com\/particulares\/producto\/00103-lipscrub-tolure-labios\/"]}]},{"@type":"BreadcrumbList","@id":"https:\/\/besteticselection.com\/particulares\/producto\/00103-lipscrub-tolure-labios\/#breadcrumb","itemListElement":[{"@type":"ListItem","position":1,"name":"TIENDA ONLINE","item":"https:\/\/besteticselection.com\/particulares\/"},{"@type":"ListItem","position":2,"name":"00103 LIPSCRUB TOLURE LABIOS"}]},{"@type":"WebSite","@id":"https:\/\/besteticselection.com\/particulares\/#website","url":"https:\/\/besteticselection.com\/particulares\/","name":"BeStetic Selection","description":"BeStetic Selection","potentialAction":[{"@type":"SearchAction","target":{"@type":"EntryPoint","urlTemplate":"https:\/\/besteticselection.com\/particulares\/?s={search_term_string}"},"query-input":"required name=search_term_string"}],"inLanguage":"es"}]}},"_links":{"self":[{"href":"https:\/\/besteticselection.com\/particulares\/wp-json\/wp\/v2\/product\/1790","targetHints":{"allow":["GET"]}}],"collection":[{"href":"https:\/\/besteticselection.com\/particulares\/wp-json\/wp\/v2\/product"}],"about":[{"href":"https:\/\/besteticselection.com\/particulares\/wp-json\/wp\/v2\/types\/product"}],"replies":[{"embeddable":true,"href":"https:\/\/besteticselection.com\/particulares\/wp-json\/wp\/v2\/comments?post=1790"}],"wp:featuredmedia":[{"embeddable":true,"href":"https:\/\/besteticselection.com\/particulares\/wp-json\/wp\/v2\/media\/1791"}],"wp:attachment":[{"href":"https:\/\/besteticselection.com\/particulares\/wp-json\/wp\/v2\/media?parent=1790"}],"wp:term":[{"taxonomy":"product_cat","embeddable":true,"href":"https:\/\/besteticselection.com\/particulares\/wp-json\/wp\/v2\/product_cat?post=1790"},{"taxonomy":"product_tag","embeddable":true,"href":"https:\/\/besteticselection.com\/particulares\/wp-json\/wp\/v2\/product_tag?post=1790"}],"curies":[{"name":"wp","href":"https:\/\/api.w.org\/{rel}","templated":true}]}}