{"id":37,"date":"2020-11-04T13:11:31","date_gmt":"2020-11-04T13:11:31","guid":{"rendered":"https:\/\/www.besteticselection.com\/particulares\/mi-cuenta\/"},"modified":"2021-07-14T09:59:20","modified_gmt":"2021-07-14T09:59:20","slug":"mi-cuenta","status":"publish","type":"page","link":"https:\/\/besteticselection.com\/particulares\/mi-cuenta\/","title":{"rendered":"Mi cuenta (PARTICULARES)"},"content":{"rendered":"<p>Desde esta p\u00e1gina puede acceder con su usuario y contrase\u00f1a. Tambi\u00e9n registrarse <strong>como COMPRADOR PARTICULAR<\/strong>.<\/p>\n<p>Si desea solicitar su alta como distribuidor o profesional, cumplimente el <a href=\"https:\/\/www.besteticselection.com\/particulares\/solicitar-alta-distribuidor\/\">formulario de esta p\u00e1gina<\/a>.<\/p>\n<div class=\"woocommerce\"><\/div>\n","protected":false},"excerpt":{"rendered":"","protected":false},"author":4,"featured_media":0,"parent":0,"menu_order":0,"comment_status":"closed","ping_status":"closed","template":"","meta":{"_joinchat":[],"footnotes":""},"class_list":["post-37","page","type-page","status-publish","hentry"],"yoast_head":"<!-- This site is optimized with the Yoast SEO plugin v20.0 - https:\/\/yoast.com\/wordpress\/plugins\/seo\/ -->\n<title>Mi cuenta (PARTICULARES) - BeStetic Selection<\/title>\n<meta name=\"robots\" content=\"index, follow, max-snippet:-1, max-image-preview:large, max-video-preview:-1\" \/>\n<link rel=\"canonical\" href=\"https:\/\/besteticselection.com\/particulares\/mi-cuenta\/\" \/>\n<meta property=\"og:locale\" content=\"es_ES\" \/>\n<meta property=\"og:type\" content=\"article\" \/>\n<meta property=\"og:title\" content=\"Mi cuenta (PARTICULARES) - BeStetic Selection\" \/>\n<meta property=\"og:url\" content=\"https:\/\/besteticselection.com\/particulares\/mi-cuenta\/\" \/>\n<meta property=\"og:site_name\" content=\"BeStetic Selection\" \/>\n<meta property=\"article:modified_time\" content=\"2021-07-14T09:59:20+00:00\" \/>\n<meta name=\"twitter:card\" content=\"summary_large_image\" \/>\n<meta name=\"twitter:label1\" content=\"Tiempo de lectura\" \/>\n\t<meta name=\"twitter:data1\" content=\"1 minuto\" \/>\n<script type=\"application\/ld+json\" class=\"yoast-schema-graph\">{\"@context\":\"https:\/\/schema.org\",\"@graph\":[{\"@type\":\"WebPage\",\"@id\":\"https:\/\/besteticselection.com\/particulares\/mi-cuenta\/\",\"url\":\"https:\/\/besteticselection.com\/particulares\/mi-cuenta\/\",\"name\":\"Mi cuenta (PARTICULARES) - BeStetic Selection\",\"isPartOf\":{\"@id\":\"https:\/\/besteticselection.com\/particulares\/#website\"},\"datePublished\":\"2020-11-04T13:11:31+00:00\",\"dateModified\":\"2021-07-14T09:59:20+00:00\",\"inLanguage\":\"es\",\"potentialAction\":[{\"@type\":\"ReadAction\",\"target\":[\"https:\/\/besteticselection.com\/particulares\/mi-cuenta\/\"]}]},{\"@type\":\"WebSite\",\"@id\":\"https:\/\/besteticselection.com\/particulares\/#website\",\"url\":\"https:\/\/besteticselection.com\/particulares\/\",\"name\":\"BeStetic Selection\",\"description\":\"BeStetic Selection\",\"potentialAction\":[{\"@type\":\"SearchAction\",\"target\":{\"@type\":\"EntryPoint\",\"urlTemplate\":\"https:\/\/besteticselection.com\/particulares\/?s={search_term_string}\"},\"query-input\":\"required name=search_term_string\"}],\"inLanguage\":\"es\"}]}<\/script>\n<!-- \/ Yoast SEO plugin. -->","yoast_head_json":{"title":"Mi cuenta (PARTICULARES) - BeStetic Selection","robots":{"index":"index","follow":"follow","max-snippet":"max-snippet:-1","max-image-preview":"max-image-preview:large","max-video-preview":"max-video-preview:-1"},"canonical":"https:\/\/besteticselection.com\/particulares\/mi-cuenta\/","og_locale":"es_ES","og_type":"article","og_title":"Mi cuenta (PARTICULARES) - BeStetic Selection","og_url":"https:\/\/besteticselection.com\/particulares\/mi-cuenta\/","og_site_name":"BeStetic Selection","article_modified_time":"2021-07-14T09:59:20+00:00","twitter_card":"summary_large_image","twitter_misc":{"Tiempo de lectura":"1 minuto"},"schema":{"@context":"https:\/\/schema.org","@graph":[{"@type":"WebPage","@id":"https:\/\/besteticselection.com\/particulares\/mi-cuenta\/","url":"https:\/\/besteticselection.com\/particulares\/mi-cuenta\/","name":"Mi cuenta (PARTICULARES) - BeStetic Selection","isPartOf":{"@id":"https:\/\/besteticselection.com\/particulares\/#website"},"datePublished":"2020-11-04T13:11:31+00:00","dateModified":"2021-07-14T09:59:20+00:00","inLanguage":"es","potentialAction":[{"@type":"ReadAction","target":["https:\/\/besteticselection.com\/particulares\/mi-cuenta\/"]}]},{"@type":"WebSite","@id":"https:\/\/besteticselection.com\/particulares\/#website","url":"https:\/\/besteticselection.com\/particulares\/","name":"BeStetic Selection","description":"BeStetic Selection","potentialAction":[{"@type":"SearchAction","target":{"@type":"EntryPoint","urlTemplate":"https:\/\/besteticselection.com\/particulares\/?s={search_term_string}"},"query-input":"required name=search_term_string"}],"inLanguage":"es"}]}},"_links":{"self":[{"href":"https:\/\/besteticselection.com\/particulares\/wp-json\/wp\/v2\/pages\/37","targetHints":{"allow":["GET"]}}],"collection":[{"href":"https:\/\/besteticselection.com\/particulares\/wp-json\/wp\/v2\/pages"}],"about":[{"href":"https:\/\/besteticselection.com\/particulares\/wp-json\/wp\/v2\/types\/page"}],"author":[{"embeddable":true,"href":"https:\/\/besteticselection.com\/particulares\/wp-json\/wp\/v2\/users\/4"}],"replies":[{"embeddable":true,"href":"https:\/\/besteticselection.com\/particulares\/wp-json\/wp\/v2\/comments?post=37"}],"version-history":[{"count":7,"href":"https:\/\/besteticselection.com\/particulares\/wp-json\/wp\/v2\/pages\/37\/revisions"}],"predecessor-version":[{"id":2438,"href":"https:\/\/besteticselection.com\/particulares\/wp-json\/wp\/v2\/pages\/37\/revisions\/2438"}],"wp:attachment":[{"href":"https:\/\/besteticselection.com\/particulares\/wp-json\/wp\/v2\/media?parent=37"}],"curies":[{"name":"wp","href":"https:\/\/api.w.org\/{rel}","templated":true}]}}